{"id":10,"date":"2021-09-17T06:55:48","date_gmt":"2021-09-17T06:55:48","guid":{"rendered":"http:\/\/developer.drharastaedit.hu\/?page_id=10"},"modified":"2023-02-18T09:04:56","modified_gmt":"2023-02-18T09:04:56","slug":"elerhetoseg","status":"publish","type":"page","link":"https:\/\/drharastaedit.hu\/?page_id=10","title":{"rendered":"El\u00e9rhet\u0151s\u00e9g"},"content":{"rendered":"\n<p><strong>Professional Gasztroeneterol\u00f3giai Centrum<\/strong>\u00a0Budapest. III. B\u00e9csi \u00fat 85. IV. em. 1.<\/p>\n\n\n\n<p><a href=\"tel:+3613170631\">+36-1-317 0631<\/a><\/p>\n\n\n\n<p><a href=\"tel:+36209511615\">+36-20 951 1615<\/a><\/p>\n\n\n\n<p><a href=\"http:\/\/professionalrendelo.hu\/kapcsolat\" target=\"_blank\" rel=\"noreferrer noopener\">professionalrendelo.hu<\/a><\/p>\n\n\n\n<iframe loading=\"lazy\" src=\"https:\/\/www.google.com\/maps\/embed?pb=!1m18!1m12!1m3!1d2693.846951325574!2d19.035143315100214!3d47.53184260113325!2m3!1f0!2f0!3f0!3m2!1i1024!2i768!4f13.1!3m3!1m2!1s0x4741d957544bf9e5%3A0x6265a9403973ad93!2sBudapest%2C+B%C3%A9csi+%C3%BAt+85%2C+1036+Hungary!5e0!3m2!1sen!2sde!4v1469007516640\" width=\"600\" height=\"450\" frameborder=\"0\" style=\"border:0\" allowfullscreen=\"\"><\/iframe>\n\n\n\n<div style=\"height:100px\" aria-hidden=\"true\" class=\"wp-block-spacer\"><\/div>\n\n\n\n<p><strong>Dr. Rose Mag\u00e1nk\u00f3rh\u00e1z<\/strong>\u00a0Budapest, V. Sz\u00e9chenyi (volt Roosevelt) t\u00e9r 7\/8 C torony VI. emelet<\/p>\n\n\n\n<p><a href=\"tel:+3613776737\">+36-1-3776737<\/a><\/p>\n\n\n\n<p><a href=\"http:\/\/drrose.hu\" target=\"_blank\" rel=\"noreferrer noopener\">drrose.hu<\/a><\/p>\n\n\n\n<iframe loading=\"lazy\" src=\"https:\/\/www.google.com\/maps\/embed?pb=!1m18!1m12!1m3!1d2695.4535082046004!2d19.04527731509904!3d47.50055860329139!2m3!1f0!2f0!3f0!3m2!1i1024!2i768!4f13.1!3m3!1m2!1s0x4741dc1591096733%3A0x50d18e3381f20b91!2sBudapest%2C+Sz%C3%A9chenyi+Istv%C3%A1n+t%C3%A9r+7%2C+1051+Hungary!5e0!3m2!1sen!2sde!4v1469007781593\" width=\"600\" height=\"450\" frameborder=\"0\" style=\"border:0\" allowfullscreen=\"\"><\/iframe>\n\n\n\n<p><\/p>\n\n\n\n<p><\/p>\n\n\n\n<p><a href=\"\/?page_id=139\" data-type=\"URL\" data-id=\"\/?page_id=139\">T\u00e1rsoldalak<\/a><\/p>\n","protected":false},"excerpt":{"rendered":"<p>Professional Gasztroeneterol\u00f3giai Centrum\u00a0Budapest. III. B\u00e9csi \u00fat 85. IV. em. 1. +36-1-317 0631 +36-20 951 1615 professionalrendelo.hu Dr. Rose Mag\u00e1nk\u00f3rh\u00e1z\u00a0Budapest, V. Sz\u00e9chenyi (volt Roosevelt) t\u00e9r 7\/8 C torony VI. emelet +36-1-3776737 drrose.hu T\u00e1rsoldalak<\/p>\n","protected":false},"author":1,"featured_media":5,"parent":0,"menu_order":2,"comment_status":"closed","ping_status":"closed","template":"","meta":{"_sitemap_exclude":false,"_sitemap_priority":"","_sitemap_frequency":"","footnotes":""},"class_list":["post-10","page","type-page","status-publish","has-post-thumbnail","hentry"],"_links":{"self":[{"href":"https:\/\/drharastaedit.hu\/index.php?rest_route=\/wp\/v2\/pages\/10","targetHints":{"allow":["GET"]}}],"collection":[{"href":"https:\/\/drharastaedit.hu\/index.php?rest_route=\/wp\/v2\/pages"}],"about":[{"href":"https:\/\/drharastaedit.hu\/index.php?rest_route=\/wp\/v2\/types\/page"}],"author":[{"embeddable":true,"href":"https:\/\/drharastaedit.hu\/index.php?rest_route=\/wp\/v2\/users\/1"}],"replies":[{"embeddable":true,"href":"https:\/\/drharastaedit.hu\/index.php?rest_route=%2Fwp%2Fv2%2Fcomments&post=10"}],"version-history":[{"count":14,"href":"https:\/\/drharastaedit.hu\/index.php?rest_route=\/wp\/v2\/pages\/10\/revisions"}],"predecessor-version":[{"id":213,"href":"https:\/\/drharastaedit.hu\/index.php?rest_route=\/wp\/v2\/pages\/10\/revisions\/213"}],"wp:featuredmedia":[{"embeddable":true,"href":"https:\/\/drharastaedit.hu\/index.php?rest_route=\/wp\/v2\/media\/5"}],"wp:attachment":[{"href":"https:\/\/drharastaedit.hu\/index.php?rest_route=%2Fwp%2Fv2%2Fmedia&parent=10"}],"curies":[{"name":"wp","href":"https:\/\/api.w.org\/{rel}","templated":true}]}}