{"id":102,"date":"2023-02-11T12:43:54","date_gmt":"2023-02-11T12:43:54","guid":{"rendered":"https:\/\/developer.drharastaedit.hu\/?page_id=102"},"modified":"2023-02-18T11:10:59","modified_gmt":"2023-02-18T11:10:59","slug":"elokeszites-altatasos-vastagbeltukrozeshez","status":"publish","type":"page","link":"https:\/\/drharastaedit.hu\/?page_id=102","title":{"rendered":"El\u0151k\u00e9sz\u00edt\u00e9s altat\u00e1sos vastagb\u00e9lt\u00fckr\u00f6z\u00e9shez"},"content":{"rendered":"\n<p><strong>EL\u0150K\u00c9SZ\u00cdT\u00c9S ALTAT\u00c1SOS VASTAGB\u00c9LT\u00dcKR\u00d6Z\u00c9SHEZ<\/strong><\/p>\n\n\n\n<p>A vizsg\u00e1latot megel\u0151z\u0151 napon reggelizni b\u00e1rmit lehet. D\u00e9lben m\u00e1r csak foly\u00e9kony, p\u00e9pes, ill. rostszeg\u00e9ny \u00e9telt szabad enni, pl. \u00fcres levest, krumplip\u00fcr\u00e9t, toj\u00e1st, stb. Ezut\u00e1n a vizsg\u00e1lat befejezt\u00e9ig t\u00f6bb szil\u00e1rd t\u00e1pl\u00e1l\u00e9kot nem szabad fogyasztani. A d\u00e9lut\u00e1ni folyad\u00e9k bevitel nincs korl\u00e1tozva.<\/p>\n\n\n\n<p>Este 8-kor meg kell inni a Picoprep egyik zacsk\u00f3j\u00e1t egy poh\u00e1r v\u00edzben feloldva (megv\u00e1rva am\u00edg kih\u0171l) \u00e9s ut\u00e1na 10-ig minimum 2,5 l folyad\u00e9kot el kell fogyasztani.<\/p>\n\n\n\n<p>A vizsg\u00e1lat napj\u00e1n reggel 6-kor a Picoprep m\u00e1sik zacsk\u00f3j\u00e1t hasonl\u00f3 k\u00e9pen kell elfogyasztani, \u00e9s 8-ig kell min. 2,5 l folyad\u00e9kot meginni. A c\u00e9l az, hogy a v\u00e9g\u00e9n m\u00e1r csak folyad\u00e9k t\u00e1vozzon a belekb\u0151l.<\/p>\n\n\n\n<p><strong>Fogyaszthat\u00f3 folyad\u00e9kok:&nbsp;<\/strong>v\u00edz, \u00e1sv\u00e1nyv\u00edz (bubor\u00e9kos vagy bubor\u00e9k mentes), tej,tea, \u00fcd\u00edt\u0151 ital, \u00fcres leves, (piros sz\u00edn\u0171 , gy\u00fcm\u00f6lcsh\u00fasos gy\u00fcm\u00f6lcsl\u00e9, pl. rostos paradicsoml\u00e9 ker\u00fclend\u0151).<\/p>\n\n\n\n<p><strong>A vizsg\u00e1lat el\u0151tt 4 \u00f3r\u00e1val m\u00e1r folyad\u00e9kot sem szabad fogyasztani.<\/strong><\/p>\n\n\n\n<p>A vizsg\u00e1lat ut\u00e1n 2-2.5 \u00f3r\u00e1s megfigyel\u00e9st k\u00f6vet\u0151en k\u00eds\u00e9r\u0151vel lehet a k\u00f3rh\u00e1zb\u00f3l t\u00e1vozni.<\/p>\n\n\n\n<p>Egy nappal a vizsg\u00e1lat el\u0151tt lehet\u0151leg apr\u00f3 magvas \u00e9teleket m\u00e1r ne fogyasszon. (paradicsom, sz\u0151l\u0151, m\u0171zli, m\u00e1k)<\/p>\n","protected":false},"excerpt":{"rendered":"<p>EL\u0150K\u00c9SZ\u00cdT\u00c9S ALTAT\u00c1SOS VASTAGB\u00c9LT\u00dcKR\u00d6Z\u00c9SHEZ A vizsg\u00e1latot megel\u0151z\u0151 napon reggelizni b\u00e1rmit lehet. D\u00e9lben m\u00e1r csak foly\u00e9kony, p\u00e9pes, ill. rostszeg\u00e9ny \u00e9telt szabad enni, pl. \u00fcres levest, krumplip\u00fcr\u00e9t, toj\u00e1st, stb. Ezut\u00e1n a vizsg\u00e1lat befejezt\u00e9ig t\u00f6bb szil\u00e1rd t\u00e1pl\u00e1l\u00e9kot nem szabad fogyasztani. A d\u00e9lut\u00e1ni folyad\u00e9k bevitel nincs korl\u00e1tozva. Este 8-kor meg kell inni a Picoprep egyik zacsk\u00f3j\u00e1t egy poh\u00e1r v\u00edzben feloldva [&hellip;]<\/p>\n","protected":false},"author":1,"featured_media":0,"parent":100,"menu_order":0,"comment_status":"closed","ping_status":"closed","template":"","meta":{"_sitemap_exclude":false,"_sitemap_priority":"","_sitemap_frequency":"","footnotes":""},"class_list":["post-102","page","type-page","status-publish","hentry"],"_links":{"self":[{"href":"https:\/\/drharastaedit.hu\/index.php?rest_route=\/wp\/v2\/pages\/102","targetHints":{"allow":["GET"]}}],"collection":[{"href":"https:\/\/drharastaedit.hu\/index.php?rest_route=\/wp\/v2\/pages"}],"about":[{"href":"https:\/\/drharastaedit.hu\/index.php?rest_route=\/wp\/v2\/types\/page"}],"author":[{"embeddable":true,"href":"https:\/\/drharastaedit.hu\/index.php?rest_route=\/wp\/v2\/users\/1"}],"replies":[{"embeddable":true,"href":"https:\/\/drharastaedit.hu\/index.php?rest_route=%2Fwp%2Fv2%2Fcomments&post=102"}],"version-history":[{"count":2,"href":"https:\/\/drharastaedit.hu\/index.php?rest_route=\/wp\/v2\/pages\/102\/revisions"}],"predecessor-version":[{"id":254,"href":"https:\/\/drharastaedit.hu\/index.php?rest_route=\/wp\/v2\/pages\/102\/revisions\/254"}],"up":[{"embeddable":true,"href":"https:\/\/drharastaedit.hu\/index.php?rest_route=\/wp\/v2\/pages\/100"}],"wp:attachment":[{"href":"https:\/\/drharastaedit.hu\/index.php?rest_route=%2Fwp%2Fv2%2Fmedia&parent=102"}],"curies":[{"name":"wp","href":"https:\/\/api.w.org\/{rel}","templated":true}]}}