{"id":104,"date":"2023-02-11T12:45:29","date_gmt":"2023-02-11T12:45:29","guid":{"rendered":"https:\/\/developer.drharastaedit.hu\/?page_id=104"},"modified":"2023-02-18T11:13:56","modified_gmt":"2023-02-18T11:13:56","slug":"gyomorbetegsegek-2","status":"publish","type":"page","link":"https:\/\/drharastaedit.hu\/?page_id=104","title":{"rendered":"Gyomorbetegs\u00e9gek"},"content":{"rendered":"\n<p><strong>Gyomorbetegs\u00e9gek<\/strong><\/p>\n\n\n\n<p><strong>Lead:&nbsp;<\/strong>A gyomrot \u00e9rint\u0151 panaszok sokunk mindennapjait megkeser\u00edtik, pedig megel\u0151z\u00e9s\u00fck \u00e9s kezel\u00e9s\u00fck sokszor egyszer\u0171bb, mint gondoln\u00e1nk. A l\u00e9nyeg teh\u00e1t ink\u00e1bb az, hogy halogat\u00e1s helyett tudjuk meg, milyen betegs\u00e9ggel \u00e1llunk szemben, \u00e9s azt megfelel\u0151en kezelj\u00fck. Hogy ebben seg\u00edts\u00fcnk, gasztroenterol\u00f3gus szakorvos seg\u00edts\u00e9g\u00e9vel v\u00e9gigvett\u00fck, melyek a gyomor leggyakoribb betegs\u00e9gei, \u00e9s megn\u00e9zt\u00fck, hogy az egyes esetekben mire kell figyeln\u00fcnk.<\/p>\n\n\n\n<p>T\u00e1pl\u00e1lkoz\u00e1si hib\u00e1k alapvet\u0151en nem okoznak gyomorbetegs\u00e9get, kiv\u00e9ve akkor, ha konzekvensen nagyon rosszul esz\u00fcnk. Azt viszont m\u00e9g ett\u0151l f\u00fcggetlen\u00fcl is tudnunk kell, hogy a zs\u00edros \u00e9s neh\u00e9z, f\u00fcst\u00f6s \u00e9s f\u0171szeres \u00e9telek nem k\u00f6nny\u00edtik meg az em\u00e9szt\u0151rendszer\u00fcnk dolg\u00e1t \u2013 v\u00e1g r\u00f6gt\u00f6n a t\u00e9ma k\u00f6zep\u00e9be szak\u00e9rt\u0151nk,&nbsp;<strong><em>dr. Harasta Edit<\/em><\/strong>&nbsp;gasztroenterol\u00f3gus. Majd hozz\u00e1teszi, hogy ha ilyen \u00e9telek domin\u00e1lnak az \u00e9trend\u00fcnkben, akkor nagy az es\u00e9ly\u00fcnk arra, hogy id\u0151vel valamilyen gyullad\u00e1sos gyomorbetegs\u00e9ggel kelljen szemben\u00e9zn\u00fcnk. Szak\u00e9rt\u0151nkt\u0151l azt is megtudtuk, hogy ennek ellen\u00e9re nem a gyullad\u00e1sos probl\u00e9m\u00e1kkal kell leggyakrabban szembes\u00fcln\u00fcnk, hanem a reflux betegs\u00e9ggel, ami mai vil\u00e1gunkban m\u00e1r igazi civiliz\u00e1ci\u00f3s betegs\u00e9gnek tekinthet\u0151. Ennek oka r\u00e9szben rohan\u00f3, stresszes \u00e9letm\u00f3dunkban, r\u00e9szben pedig helytelen t\u00e1pl\u00e1lkoz\u00e1sunkban keresend\u0151.<\/p>\n\n\n\n<p><strong>Rettegett reflux<\/strong><\/p>\n\n\n\n<p>&#8222;A reflux ma a gyomor leggyakoribb betegs\u00e9g\u00e9nek tekinthet\u0151, h\u00e1tter\u00e9ben pedig egyr\u00e9szt alkati t\u00e9nyez\u0151k \u00e1llnak, m\u00e1sr\u00e9szt pszich\u00e9s okok h\u00faz\u00f3dnak meg. Az el\u0151bbi alatt azt \u00e9rt\u00fck, amikor a gyomorsz\u00e1j valamilyen okb\u00f3l kifoly\u00f3lag nem z\u00e1r rendesen, m\u00edg az ut\u00f3bbi alatt az olyan \u00e9letm\u00f3dbeli t\u00e9nyez\u0151ket, mint amilyen a fokozott stressz. Ez ut\u00f3bbi v\u00e1lthatja ki azt is, hogy a betegs\u00e9g sokszor szervi elt\u00e9r\u00e9s n\u00e9lk\u00fcl, puszt\u00e1n m\u0171k\u00f6d\u00e9si zavark\u00e9nt alakul ki&#8221; \u2013 hangs\u00falyozza Harasta doktorn\u0151. Majd hozz\u00e1teszi, hogy a megel\u0151z\u00e9s \u00e9s a kezel\u00e9s sikeress\u00e9ge \u00e9rdek\u00e9ben \u00e9ppen emiatt lenne fontos a kiegyens\u00falyozott, nyugodt \u00e9letm\u00f3d, a rendszeres \u00e9s eg\u00e9szs\u00e9ges t\u00e1pl\u00e1lkoz\u00e1s, a sok pihen\u00e9s \u00e9s odafigyel\u00e9s. Emellett fontos lenne az is, hogy ker\u00fclj\u00fck az olyan \u00e9tkeket, amelyek irrit\u00e1lhatj\u00e1k a gyomrot. Ilyenek p\u00e9ld\u00e1ul a t\u00falzottan cs\u00edp\u0151s \u00e9s f\u0171szeres fog\u00e1sok, az olajban s\u00fclt, r\u00e1ntott \u00e9s frit\u0151zben k\u00e9sz\u00fclt \u00e9telek. Ugyancsak ebbe a kateg\u00f3ri\u00e1ba tartozik a k\u00e9sz\u00e9telek nagy r\u00e9sze, valamint az el\u0151recsomagolt p\u00e9ks\u00fctem\u00e9nyek t\u00f6bbs\u00e9ge is. Ennek oka pedig az, hogy ezek rendszerint olyan tart\u00f3s\u00edt\u00f3szereket tartalmaznak, amelyek b\u00e1ntj\u00e1k a gyomrot.<\/p>\n\n\n\n<p>Szak\u00e9rt\u0151nk a reflux betegs\u00e9ggel kapcsolatban kiemeli azt is, hogy annak kezel\u00e9se csak pontos kivizsg\u00e1l\u00e1s ut\u00e1n kezd\u0151dhetne meg. &#8222;Ez az\u00e9rt fontos, mert a diagn\u00f3zist k\u00f6vet\u0151en a betegek ma m\u00e1r egyb\u0151l kiv\u00e1l\u00f3 gy\u00f3gyszereket kaphatnak. De persze ezzel p\u00e1rhuzamosan, illetve a gy\u00f3gyszeres kezel\u00e9st k\u00f6vet\u0151en \u00e9letm\u00f3d v\u00e1ltoztat\u00e1sra is sz\u00fcks\u00e9g van, hiszen sokszor m\u00e1r puszt\u00e1n ezzel is komoly javul\u00e1s \u00e9rhet\u0151 el, s\u0151t esetenk\u00e9nt teljesen meg is gy\u00f3gyulhatnak a betegek&#8221; \u2013 mondja a doktorn\u0151, majd hozz\u00e1teszi, hogy a gy\u00f3gyul\u00e1shoz az is kell, hogy cs\u00f6kkenteni tudjuk a benn\u00fcnket \u00e9r\u0151 stresszt, vagy legal\u00e1bbis jav\u00edtsuk az ahhoz val\u00f3 hozz\u00e1\u00e1ll\u00e1sunkat. Ez ugyanis nagyban seg\u00edti azt, hogy a reflux em\u00e9szt\u0151szervi t\u00fcnetei kev\u00e9sb\u00e9 jelentkezzenek.<\/p>\n\n\n\n<p><strong>Turb\u00f3zott gyullad\u00e1s<\/strong><\/p>\n\n\n\n<p>A refluxhoz hasonl\u00f3an gyakoriak a gyomor gyullad\u00e1sos betegs\u00e9gei, a fek\u00e9lyek is. Ezek h\u00e1tter\u00e9ben leggyakrabban bakt\u00e9riumfert\u0151z\u00e9s \u00e1ll, amit jellemz\u0151en az \u00e9telekkel terjed\u0151 Helicobacter pylori okoz. &#8222;Ez a k\u00f3rokoz\u00f3 alapesetben nincs jelen a szervezet\u00fcnkben, azaz nem r\u00e9sze em\u00e9szt\u0151rendszer\u00fcnk bakt\u00e9rium-fl\u00f3r\u00e1j\u00e1nak. Olyannyira nem, hogy ha m\u00e9gis megjelenik a szervezetben, akkor ki kell onnan irtanunk. Vagy hogy konkr\u00e9tabban fogalmazzak: a fek\u00e9lybetegs\u00e9geket az\u00f3ta tudjuk meggy\u00f3gy\u00edtani, ami\u00f3ta ismerj\u00fck ezt a bakt\u00e9riumot, \u00e9s el tudjuk t\u00fcntetni a gyomorb\u00f3l&#8221; \u2013 mondja Harasta doktorn\u0151. Mint megtudtuk, a Helicobacter szervezetb\u0151l val\u00f3s sz\u00e1m\u0171z\u00e9se az\u00e9rt fontos, mert a fek\u00e9lyek 80 sz\u00e1zal\u00e9k\u00e1nak h\u00e1tter\u00e9ben puszt\u00e1n ez a bakt\u00e9rium \u00e1ll. &#8222;Azt ugyan nem tudjuk pontosan, hogy a Helicobacter mikor tud megtelepedni az emberi szervezetben, de \u00fagy t\u0171nik, hogy ehhez az is sz\u00fcks\u00e9ges, hogy a bakt\u00e9riummal akkor tal\u00e1lkozzunk, amikor az immunrendszer\u00fcnk egy picit legyeng\u00fclt. Ilyenkor ugyanis a k\u00f3rokoz\u00f3 k\u00f6nnyebben megtelepszik a b\u00e9lny\u00e1lkah\u00e1rty\u00e1n, majd hasi panaszokkal, rossz k\u00f6z\u00e9rzettel, puffad\u00e1ssal j\u00e1r\u00f3 kr\u00f3nikus gyomorhurutot okoz. Fek\u00e9lybetegs\u00e9g viszont csak akkor alakul ki, ha ez az \u00e1llapot hosszan fenn\u00e1ll&#8221; \u2013 hangs\u00falyozza szak\u00e9rt\u0151nk. Majd hozz\u00e1teszi, hogy e bakt\u00e9rium mellett a fek\u00e9lynek persze m\u00e1s kiv\u00e1lt\u00f3 okai is lehetnek. A gyomrot ugyanis egyes gy\u00f3gyszerek \u2013 f\u0151leg a tart\u00f3san szedett f\u00e1jdalomcsillap\u00edt\u00f3k \u2013, illetve m\u00e1s betegs\u00e9gek is kikezdhetik.<\/p>\n\n\n\n<p><\/p>\n\n\n\n<p><strong>\u00c9get\u0151; k\u00e9rd\u00e9sek<\/strong><\/p>\n\n\n\n<p>Sokaknak okoz kellemetlen \u00e9lm\u00e9nyeket az egyszer\u0171 gyomor\u00e9g\u00e9s. Ezt a panaszt ugyanakkor nem szabad f\u00e9lv\u00e1llr\u00f3l venni, mert h\u00e1tter\u00e9ben leggyakrabban bakt\u00e9rium okozta gyullad\u00e1s vagy reflux betegs\u00e9g h\u00faz\u00f3dik meg. \u00c9ppen ez\u00e9rt nem el\u00e9g, ha megjelen\u00e9sekor csak mag\u00e1t a t\u00fcnetet enyh\u00edtj\u00fck, a kiv\u00e1lt\u00f3 okkal viszont nem foglalkozunk. Ami egyben azt is jelenti, hogy nem szerencs\u00e9s, ha ilyen panaszok eset\u00e9ben diagn\u00f3zis n\u00e9lk\u00fcl szed\u00fcnk v\u00e9ny n\u00e9lk\u00fcl kaphat\u00f3 k\u00e9sz\u00edtm\u00e9nyeket. Egy-egy alkalommal persze b\u00e1rkin\u00e9l el\u0151fordulhat gyomor\u00e9g\u00e9s, de ha ezek a panaszok rendszeress\u00e9 v\u00e1lnak, akkor az okait is ki kell vizsg\u00e1lni. Ha pedig m\u00e1r tudjuk, hogy mi \u00e1ll a h\u00e1tt\u00e9rben, meg lehet kezdeni a kezel\u00e9st is. Azt azonban tudni kell, hogy a gyomor\u00e9g\u00e9sre val\u00f3 kapszul\u00e1k csak a t\u00fcneteket enyh\u00edtik \u2013 p\u00e9ld\u00e1ul azzal, hogy lek\u00f6tik a savat \u2013, de az okot soha nem sz\u00fcntetik meg.<\/p>\n\n\n\n<p><strong>Rontott k\u00f6r\u00f6k<\/strong><\/p>\n\n\n\n<p>A ny\u00e1ri id\u0151szakban gyomorront\u00e1ssal is k\u00f6nnyebben tal\u00e1lkozhatunk, ekkor ugyanis nagyobb es\u00e9ly\u00fcnk van arra, hogy romlott, vagy fert\u0151z\u00f6tt \u00e9telt fogyasszunk. &#8222;A probl\u00e9m\u00e1t mindk\u00e9t esetben az okozza, hogy az \u00e9telben nagy mennyis\u00e9gben elszaporodnak olyan k\u00f3rokoz\u00f3k, amelyek hasmen\u00e9st \u00e9s gyomorront\u00e1st okoznak. A megel\u0151z\u00e9s szempontj\u00e1b\u00f3l emiatt \u00e9ppen az a l\u00e9nyeg, hogy mit \u00e9s hol esz\u00fcnk. K\u00f6nnyen roml\u00f3 \u00e9teleket semmik\u00e9pp sem szabad utc\u00e1n, vagy h\u0171t\u00e9s n\u00e9lk\u00fcli helyen v\u00e1s\u00e1rolnunk, valamint ott sem, ahol l\u00e1that\u00f3an nem biztos\u00edtott a megfelel\u0151 t\u00e1rol\u00e1s. \u00cdgy p\u00e9ld\u00e1ul v\u00e1s\u00e1rokban, ny\u00e1ri kirakod\u00f3helyeken nagyon meg kell gondolnunk azt, hogy mit vesz\u00fcnk meg. K\u00fcl\u00f6n\u00f6sen igaz ez a tejterm\u00e9kekre, toj\u00e1ssal k\u00e9sz\u00fclt \u00e9telekre&#8221; \u2013 h\u00edvja f\u00f6l a figyelmet a gasztroenterol\u00f3gus. Majd elmondja azt is, hogy a gyomorront\u00e1s kezel\u00e9se alapvet\u0151en di\u00e9t\u00e1b\u00f3l \u00e1ll. Ez a gyakorlatban azt jelenti, hogy az els\u0151 t\u00fcnetek megjelen\u00e9sekor egy-k\u00e9t napig c\u00e9lszer\u0171 koplalnunk, k\u00f6zben pedig sok folyad\u00e9kot \u2013 f\u0151leg \u00e1sv\u00e1nyvizet \u2013 fogyasztanunk. Ez ut\u00f3bbi az elvesztett \u00e1sv\u00e1nyi anyagok p\u00f3tl\u00e1sa miatt fontos. Szint\u00e9n ezeket p\u00f3toland\u00f3 j\u00f3l tessz\u00fck, ha patik\u00e1ban beszerezhet\u0151 rehidr\u00e1l\u00f3 porokb\u00f3l k\u00e9sz\u00fclt italokat is fogyasztanunk. A l\u00e9nyeg pedig az, hogy ha a t\u00fcneteket egy-k\u00e9t nap m\u00falva sem javulnak, orvoshoz forduljunk.<\/p>\n\n\n\n<p><strong>Elfelejtett daganat<\/strong><\/p>\n\n\n\n<p>A gyomornak rosszindulat\u00fa betegs\u00e9gei is lehetnek, amelyek kialakul\u00e1si es\u00e9ly\u00e9t a felt\u00e9telez\u00e9sek szerint a f\u00fcst\u00f6lt \u00e9s zs\u00edros \u00e9telek fogyaszt\u00e1sa n\u00f6velheti. &#8222;Ezekr\u0151l a daganatokr\u00f3l tudni kell, hogy sokszor eg\u00e9szen enyhe t\u00fcnetekkel kezd\u0151dnek, \u00edgy fontos, hogy r\u00e1juk utal\u00f3 gyomorpanaszainkat soha ne kezdj\u00fck meg h\u00e1zilag, kivizsg\u00e1ljuk n\u00e9lk\u00fcl kezelgetni. Daganatra egy\u00e9bk\u00e9nt akkor kell gyanakodnunk, ha gyomorpanaszaink nem sz\u0171nnek meg, fokoz\u00f3dnak \u00e9s egyre er\u0151s\u00f6dnek, esetleg \u00e9tv\u00e1gytalans\u00e1g \u00e9s h\u00e1nyinger, rossz k\u00f6z\u00e9rzet \u00e9s fogy\u00e1s is t\u00e1rsul hozz\u00e1juk. Ha ez a helyzet, felt\u00e9tlen\u00fcl orvoshoz kell fordulnunk, \u00e9s meg kell ejten\u00fcnk egy kivizsg\u00e1l\u00e1st. Ennek oka pedig az, hogy az ilyen t\u00fcnetek h\u00e1tter\u00e9ben gyomordaganat is megh\u00faz\u00f3dhat&#8221; \u2013 hangs\u00falyozza Harasta doktorn\u0151. Mint mondja, ezen tumorok korai felismer\u00e9se az\u00e9rt fontos, mert hasonl\u00f3an a t\u00f6bbi em\u00e9szt\u0151szervi daganathoz, a gyomorr\u00e1k is ann\u00e1l nagyobb es\u00e9llyel gy\u00f3gy\u00edthat\u00f3, min\u00e9l el\u0151bb f\u00f6lismerj\u00fck. M\u00edg ugyanis egy id\u0151ben felismert, kezd\u0151d\u0151 elv\u00e1ltoz\u00e1s j\u00f3l gy\u00f3gy\u00edthat\u00f3, addig egy k\u00e9s\u0151n \u00e9szlelt daganat eset\u00e9ben m\u00e1r csak kezel\u00e9si, nem pedig gy\u00f3gy\u00edt\u00e1si lehet\u0151s\u00e9gek vannak.<\/p>\n\n\n\n<p><\/p>\n\n\n\n<p><strong>Szemet a poh\u00e1rra!<\/strong><\/p>\n\n\n\n<p>T\u00f6bb gy\u00f3gyte\u00e1nak, \u00edgy p\u00e9ld\u00e1ul a kamill\u00e1nak \u00e9s a k\u00f6r\u00f6mvir\u00e1gnak is van gyullad\u00e1scs\u00f6kkent\u0151 hat\u00e1sa, \u00edgy ezen italok fogyaszt\u00e1sa seg\u00edt enyh\u00edteni gyomorpanaszok t\u00fcneteit. M\u00edg azonban ezek a te\u00e1k kedvez\u0151 hat\u00e1ssal vannak az em\u00e9szt\u0151szervrendszerre, addig a z\u00f6ld \u00e9s fekete te\u00e1kkal m\u00e1r vigy\u00e1zni kell. Ennek oka pedug egyszer\u0171en az, hogy ezek a n\u00f6v\u00e9nyek magas csersav tartalmuk miatt m\u00e1r gyomor\u00e9g\u00e9st is okozhatnak, ahogyan a k\u00e1v\u00e9 is kiv\u00e1lthat ilyesmit. Az persze sokat nyom a latban, hogy ezek az italok hogy ker\u00fclnek a szervezetbe. Ha ugyanis nem \u00e9hgyomorra fogyasztjuk \u0151ket, hanem \u00e9tkez\u00e9s ut\u00e1n, vagy annak k\u00eds\u00e9r\u0151jek\u00e9nt iszunk ilyesmit, m\u00e1r a gyomrunk is k\u00f6nnyebben dolgozza f\u00f6l \u0151ket.<\/p>\n\n\n\n<p><\/p>\n\n\n\n<p><strong>Rejt\u00e9lyes szindr\u00f3ma<\/strong><\/p>\n\n\n\n<p>Sokaknak okoz em\u00e9szt\u0151szervrendszeri panaszokat az irrit\u00e1bilis b\u00e9l szindr\u00f3ma, \u00e1m ez m\u00e1r kor\u00e1nt sem gyomor-, hanem b\u00e9lbetegs\u00e9g. Pontosabban egyfajta funkcion\u00e1lis betegs\u00e9g. Ez a gyakorlatban azt jelenti, hogy h\u00e1tter\u00e9ben nem tal\u00e1lni sem k\u00e9zzel foghat\u00f3 szervi elt\u00e9r\u00e9st, sem pedig kimutathat\u00f3 kr\u00f3nikus gyullad\u00e1st \u2013 lelki okok viszont megh\u00faz\u00f3dhatnak m\u00f6g\u00f6tte. \u00c9s \u00e9ppen ez\u00e9rt nem szabad \u00f6sszekeverni a komoly kezel\u00e9st ig\u00e9nyl\u0151 gyullad\u00e1sos b\u00e9lbetegs\u00e9gekkel. M\u00e9g akkor sem, ha t\u00fcnetei sokakkal megegyeznek, hiszen a g\u00f6rcs\u00f6s hasi f\u00e1jdalomt\u00f3l, puffad\u00e1st\u00f3l, szeless\u00e9gt\u0151l, gyakori hasmen\u00e9s a sz\u00e9kreked\u00e9sig \u00e9s a ny\u00e1kos sz\u00e9kletig terjedhetnek. A betegs\u00e9ggel kapcsolatban tudni kell azt is, hogy mivel nem teljesen tiszt\u00e1zott, hogy mi \u00e1ll kialakul\u00e1s\u00e1nak h\u00e1tter\u00e9ben, a kezel\u00e9se is els\u0151sorban csak a panaszok enyh\u00edt\u00e9s\u00e9re korl\u00e1toz\u00f3dik. Ez enyhe t\u00fcnetek eset\u00e9ben nem \u00e1ll m\u00e1sb\u00f3l, mint a stressz cs\u00f6kkent\u00e9s\u00e9b\u0151l, \u00e9s \u00e1ltal\u00e1nos \u00e9letm\u00f3dbeli v\u00e1ltoztat\u00e1sokb\u00f3l. Enn\u00e9l t\u00f6bb pedig csak akkor sz\u00fcks\u00e9ges, ha a t\u00fcnetek s\u00falyosak.<\/p>\n","protected":false},"excerpt":{"rendered":"<p>Gyomorbetegs\u00e9gek Lead:&nbsp;A gyomrot \u00e9rint\u0151 panaszok sokunk mindennapjait megkeser\u00edtik, pedig megel\u0151z\u00e9s\u00fck \u00e9s kezel\u00e9s\u00fck sokszor egyszer\u0171bb, mint gondoln\u00e1nk. A l\u00e9nyeg teh\u00e1t ink\u00e1bb az, hogy halogat\u00e1s helyett tudjuk meg, milyen betegs\u00e9ggel \u00e1llunk szemben, \u00e9s azt megfelel\u0151en kezelj\u00fck. Hogy ebben seg\u00edts\u00fcnk, gasztroenterol\u00f3gus szakorvos seg\u00edts\u00e9g\u00e9vel v\u00e9gigvett\u00fck, melyek a gyomor leggyakoribb betegs\u00e9gei, \u00e9s megn\u00e9zt\u00fck, hogy az egyes esetekben mire kell figyeln\u00fcnk. [&hellip;]<\/p>\n","protected":false},"author":1,"featured_media":0,"parent":2,"menu_order":9,"comment_status":"closed","ping_status":"closed","template":"","meta":{"_sitemap_exclude":false,"_sitemap_priority":"","_sitemap_frequency":"","footnotes":""},"class_list":["post-104","page","type-page","status-publish","hentry"],"_links":{"self":[{"href":"https:\/\/drharastaedit.hu\/index.php?rest_route=\/wp\/v2\/pages\/104","targetHints":{"allow":["GET"]}}],"collection":[{"href":"https:\/\/drharastaedit.hu\/index.php?rest_route=\/wp\/v2\/pages"}],"about":[{"href":"https:\/\/drharastaedit.hu\/index.php?rest_route=\/wp\/v2\/types\/page"}],"author":[{"embeddable":true,"href":"https:\/\/drharastaedit.hu\/index.php?rest_route=\/wp\/v2\/users\/1"}],"replies":[{"embeddable":true,"href":"https:\/\/drharastaedit.hu\/index.php?rest_route=%2Fwp%2Fv2%2Fcomments&post=104"}],"version-history":[{"count":2,"href":"https:\/\/drharastaedit.hu\/index.php?rest_route=\/wp\/v2\/pages\/104\/revisions"}],"predecessor-version":[{"id":260,"href":"https:\/\/drharastaedit.hu\/index.php?rest_route=\/wp\/v2\/pages\/104\/revisions\/260"}],"up":[{"embeddable":true,"href":"https:\/\/drharastaedit.hu\/index.php?rest_route=\/wp\/v2\/pages\/2"}],"wp:attachment":[{"href":"https:\/\/drharastaedit.hu\/index.php?rest_route=%2Fwp%2Fv2%2Fmedia&parent=104"}],"curies":[{"name":"wp","href":"https:\/\/api.w.org\/{rel}","templated":true}]}}