{"id":108,"date":"2023-02-11T12:47:33","date_gmt":"2023-02-11T12:47:33","guid":{"rendered":"https:\/\/developer.drharastaedit.hu\/?page_id=108"},"modified":"2023-02-18T11:13:36","modified_gmt":"2023-02-18T11:13:36","slug":"rektovaginalis-sipoly","status":"publish","type":"page","link":"https:\/\/drharastaedit.hu\/?page_id=108","title":{"rendered":"Rektovagin\u00e1lis sipoly"},"content":{"rendered":"\n<p><strong>Rektovagin\u00e1lis sipoly<\/strong><\/p>\n\n\n\n<p><strong>R\u00f6vid le\u00edr\u00e1s<\/strong><\/p>\n\n\n\n<p>Rektovagin\u00e1lis sipoly alatt azt \u00e9rtj\u00fck, amikor k\u00f3ros \u00f6sszek\u00f6ttet\u00e9s, j\u00e1rat alakul ki a h\u00fcvely \u00e9s a v\u00e9gb\u00e9l k\u00f6z\u00f6tt, majd azon kereszt\u00fcl b\u00e9ltartalom jut a v\u00e9gb\u00e9lb\u0151l a h\u00fcvelybe. Ilyenkor a sz\u00e9klet jelenl\u00e9te akad\u00e1lyozza a gy\u00f3gyul\u00e1st is, mivel \u00e1lland\u00f3 gyullad\u00e1st \u00e9s bakteri\u00e1lis fert\u0151z\u00e9st tart fent.<\/p>\n\n\n\n<p><strong>El\u0151fordul\u00e1s<\/strong><\/p>\n\n\n\n<p>A probl\u00e9ma pontos el\u0151fordul\u00e1si gyakoris\u00e1g\u00e1r\u00f3l adatok nem \u00e1llnak rendelkez\u00e9sre. R\u00e9gebben a sipolyok t\u00f6bb, mint fele sz\u00fcl\u00e9szeti eredet\u0171, kb. negyede n\u0151gy\u00f3gy\u00e1szati, negyede onkol\u00f3giai, illetve gyullad\u00e1sos eredet\u0171 volt. M\u00e1ra a sz\u00fcl\u00e9szeti elj\u00e1r\u00e1sok finomod\u00e1sa, a g\u00e1tv\u00e9delem elterjed\u00e9se k\u00f6vetkezt\u00e9ben a fejlett eg\u00e9szs\u00e9g\u00fcggyel rendelkez\u0151 orsz\u00e1gokban az ilyen t\u00edpus\u00fa sz\u00fcl\u00e9szeti sz\u00f6v\u0151dm\u00e9nyek sz\u00e1ma jelent\u0151sen cs\u00f6kkent. Az elmaradott orsz\u00e1gokban azonban sajn\u00e1latos m\u00f3don mind a mai napig jelent\u0151s ar\u00e1nyt k\u00e9pviselnek a sz\u00fcl\u00e9si s\u00e9r\u00fcl\u00e9sk\u00e9nt l\u00e9trej\u00f6tt sipolyok.<\/p>\n\n\n\n<p><strong>Okok<\/strong><\/p>\n\n\n\n<p>Rektovagin\u00e1lis sipolyt alapvet\u0151en t\u00e1lyogok, kr\u00f3nikus gyullad\u00e1sok, s\u00e9r\u00fcl\u00e9sek vagy daganatok hozhatnak l\u00e9tre. Kr\u00f3nikusam fenn\u00e1ll\u00f3, elhanyagolt gyullad\u00e1s talaj\u00e1n l\u00e9trej\u00f6v\u0151 t\u00e1lyog \u00e1tt\u00f6rhet az adott test\u00fcreg fal\u00e1n a szomsz\u00e9dos test\u00fcregbe, azaz a v\u00e9gb\u00e9lb\u0151l a h\u00fcvelybe, vagy ford\u00edtva Ennek h\u00e1tter\u00e9ben b\u00e1rmilyen gyullad\u00e1sos b\u00e9lbetegs\u00e9g \u2013 p\u00e9ld\u00e1ul kr\u00f3nikus b\u00e9lgyullad\u00e1s vagy Crohn-betegs\u00e9g \u2013 \u00e1llhat, ritk\u00e1n kialakulhat elhanyagolt diverticulitis (a vastagb\u00e9lfal kiboltosul\u00e1s\u00e1nak gyullad\u00e1sa) talaj\u00e1n is.. Enn\u00e9l j\u00f3val gyakrabban okoz rektovagin\u00e1lis sipolyt baleset miatti, ill m\u0171t\u00e9ti s\u00e9r\u00fcl\u00e9s, r\u00e9gen pedig sokszor alakult ki sz\u00fcl\u00e9szeti sz\u00f6v\u0151dm\u00e9nyk\u00e9nt. Ennek oka, hogy kor\u00e1bban kev\u00e9sb\u00e9 v\u00e9dt\u00e9k a g\u00e1tt\u00e1ji szerveket, ami miatt komplik\u00e1ltabb sz\u00fcl\u00e9sekn\u00e9l l\u00e9trej\u00f6hetett olyan (IV, fok\u00fa) reped\u00e9s, amelya h\u00fcvely \u00e9s v\u00e9gb\u00e9l fal\u00e1nak \u00f6sszes r\u00e9teg\u00e9t \u00e9rintette. Ennek hi\u00e1nyos ell\u00e1t\u00e1sa, vagy sz\u00f6v\u0151dm\u00e9nyes gy\u00f3gyul\u00e1sa nyom\u00e1n k\u00f3ros sipoly j\u00f6hetett l\u00e9tre a h\u00fcvely \u00e9s a v\u00e9gb\u00e9l k\u00f6z\u00f6tt. Afrik\u00e1ban jelenleg t\u00f6bb 10 ezer n\u0151 \u00e9l neh\u00e9z sz\u00fcl\u00e9sek ut\u00e1n kialakult sipollyal, melynek gy\u00f3gy\u00edt\u00e1s\u00e1ra es\u00e9ly\u00fck sincsen. N\u0151gy\u00f3gy\u00e1szati beavatkoz\u00e1sok sor\u00e1n helyre\u00e1ll\u00edt\u00f3 m\u0171t\u00e9tekn\u00e9l, \u00edgy p\u00e9ld\u00e1ul h\u00fcvelyplasztik\u00e1n\u00e1l, h\u00fcvelys\u00e9r\u00fcl\u00e9s, g\u00e1treped\u00e9s, g\u00e1tmetsz\u00e9s ell\u00e1t\u00e1s\u00e1n\u00e1l vagy m\u00e9hs\u00fcllyed\u00e9s miatti oper\u00e1ci\u00f3n\u00e1l m\u00e9lyre helyezett, v\u00e9gb\u00e9l fal\u00e1n \u00e1thalad\u00f3 \u00f6lt\u00e9s nyom\u00e1n is kialakulhat sz\u00f6v\u0151dm\u00e9nyk\u00e9nt fistula. Ritk\u00e1n, de arra is van p\u00e9lda, hogy el\u0151rehaladott n\u0151gy\u00f3gy\u00e1szati, vagy v\u00e9gb\u00e9ldaganat \u00e1tt\u00f6r a szomsz\u00e9dos test\u00fcregbe. Daganatok kezel\u00e9se sor\u00e1n el\u0151fordulhat, hogy az ezen r\u00e9gi\u00f3ban alkalmazott sug\u00e1rkezel\u00e9s okozott hasonl\u00f3 sz\u00f6v\u0151dm\u00e9nyt, Ma m\u00e1r a c\u00e9lzott sug\u00e1rkezel\u00e9s megel\u0151zi ennek kialakul\u00e1s\u00e1t..<\/p>\n\n\n\n<p>Idegentest is okozhat fistul\u00e1t, melyek egy r\u00e9sze trauma sor\u00e1n alakul ki, de ritk\u00e1n h\u00fcvelyi eszk\u00f6z\u00f6k, \u00edgy p\u00e9ld\u00e1ul pessz\u00e1rium okozhatja.<\/p>\n\n\n\n<p><strong>T\u00fcnetek<\/strong><\/p>\n\n\n\n<p>A legf\u0151bb t\u00fcnet a h\u00fcvelyen kereszt\u00fcl t\u00f6rt\u00e9n\u0151 nem akaratlagos sz\u00e9klet\u00fcr\u00edt\u00e9s \u00e9s b\u00e9lg\u00e1zok t\u00e1voz\u00e1sa,ill.a b\u0171z\u00f6s h\u00fcvelyfoly\u00e1s. Jellemz\u0151 t\u00fcnet a sipoly miatti gyullad\u00e1s k\u00f6vetkezt\u00e9ben kialakult f\u00e1jdalom \u00e9s a k\u00f6rnyez\u0151 b\u0151r gyullad\u00e1sa is. Ha a sipoly kis \u00e1tm\u00e9r\u0151j\u0171, akkor el\u0151fordulhat az is, hogy a t\u00fcnetek nem \u00e1lland\u00f3ak, hanem csak id\u0151szakosak.<\/p>\n\n\n\n<p><strong>Diagn\u00f3zis<\/strong><\/p>\n\n\n\n<p>Ritk\u00e1n, de el\u0151fordul, hogy a rektovagin\u00e1lis sipoly l\u00e1that\u00f3: ez esetben az orvosok m\u00e1r n\u0151gy\u00f3gy\u00e1szati vizsg\u00e1lat vagy v\u00e9gb\u00e9lvizsg\u00e1lat sor\u00e1n azonos\u00edtani tudj\u00e1k. Ha sipolyny\u00edl\u00e1s nem l\u00e1tszik \u2013 ami a gyakoribb \u2013, akkor felismer\u00e9s\u00e9hez kontrasztanyagos r\u00f6ntgenvizsg\u00e1latra van sz\u00fcks\u00e9g.<\/p>\n\n\n\n<p><strong>Kezel\u00e9s<\/strong><\/p>\n\n\n\n<p>A kezel\u00e9s m\u0171t\u00e9ti, ennek kivitelez\u00e9se pedig mindig att\u00f3l f\u00fcgg, hogy a j\u00e1rat pontosan honnan indul \u00e9s hova vezet. Az oper\u00e1ci\u00f3 minden esetben bonyolult, csak gyullad\u00e1smentes id\u0151szakban, alapos el\u0151k\u00e9sz\u00edt\u00e9s \u00e9s b\u00e9ltiszt\u00edt\u00e1s, antibiotikus kezel\u00e9s ut\u00e1n v\u00e9gezhet\u0151 el. Arra van teh\u00e1t sz\u00fcks\u00e9g, hogy a sipoly nyugodt legyen, a k\u00f6r\u00fclm\u00e9nyek pedig tiszt\u00e1k. El\u0151fordulhat, hogy ahhoz, hogy a s\u00e9r\u00fclt ter\u00fclet a m\u0171t\u00e9t ut\u00e1n meg tudjon gy\u00f3gyulni, fel kell helyezni egy ideiglenes, hason kereszt\u00fcli b\u00e9lkivezet\u00e9st, \u00fagynevezett szt\u00f3m\u00e1t.. Ez a sz\u00e9kletet tereli el a frissen m\u0171t\u00f6tt ter\u00fcletr\u0151l, z\u00e1rni \u00e1ltal\u00e1ban 6 h\u00e9t ut\u00e1n lehet. A m\u0171t\u00e9t sor\u00e1n mindig a gyullad\u00e1sos sz\u00f6veteket t\u00e1vol\u00edtj\u00e1k el, majd az \u00e9rintett ter\u00fcletek kimetsz\u00e9se ut\u00e1n a v\u00e9gb\u00e9lny\u00e1lkah\u00e1rty\u00e1t, az izomr\u00e9teget \u00e9s a h\u00fcvelyny\u00e1lkah\u00e1rty\u00e1t is egyes\u00edtik. Amennyiben a m\u0171t\u00e9t nem sikeres, mely a kr\u00f3nikus gyullad\u00e1sos k\u00f6rnyezet miatt gyakran el\u0151fordul, minimum h\u00e1rom h\u00f3napnyi v\u00e1rakoz\u00e1s ut\u00e1n meg lehet ism\u00e9telni a beavatkoz\u00e1st. Mivel bonyolult m\u0171t\u00e9tek, kr\u00f3nikus gyullad\u00e1s miatt a gy\u00f3gyhajlam \u00e1ltal\u00e1ban cs\u00f6kkent, gyakran t\u00f6bbsz\u00f6ri m\u0171t\u00e9ti beavatkoz\u00e1sra is sz\u00fcks\u00e9g lehet.<\/p>\n\n\n\n<p><strong>Rehabilit\u00e1ci\u00f3<\/strong><\/p>\n\n\n\n<p>A m\u0171t\u00e9tet k\u00f6vet\u0151en speci\u00e1lis di\u00e9t\u00e1a van sz\u00fcks\u00e9g, k\u00fcl\u00f6n\u00f6sen akkor, ha hasfalon kereszt\u00fcli b\u00e9lkivezet\u00e9s nem t\u00f6rt\u00e9nt. A szexu\u00e1lis kontaktus h\u00e1rom h\u00f3napig tiltott, viszont az intim torna hasznos lehet.<\/p>\n\n\n\n<p><strong>Gy\u00f3gyul\u00e1si es\u00e9lyek<\/strong><\/p>\n\n\n\n<p>Ha a rektovagin\u00e1lis sipoly nem daganatos eredet\u0171, teljes lehet a gy\u00f3gyul\u00e1s, b\u00e1r a m\u0171t\u00e9t ez esetben is neh\u00e9z, gyakran megesik, hogy a beavatkoz\u00e1st ism\u00e9telni kell. Ritk\u00e1n, t\u00f6bbsz\u00f6r\u00f6s sz\u00f6v\u0151dm\u00e9nyek eset\u00e9n forduhat cskal el\u0151, hogy b\u00e9lkivezet\u00e9sre nem csak \u00e1tmenetileg, hanem v\u00e9gleg sz\u00fcks\u00e9g van, ilyesmi \u00e1ltal\u00e1ban az alapbetegs\u00e9g indokolja ezt..Rektovagin\u00e1lis sipoly m\u0171t\u00e9te ut\u00e1n h\u00fcvelyi sz\u00fcl\u00e9s nem t\u00f6rt\u00e9nhet, csakis cs\u00e1sz\u00e1rmetsz\u00e9s.<\/p>\n\n\n\n<p><strong>Megel\u0151z\u00e9s<\/strong><\/p>\n\n\n\n<p>A szem\u00e9lyi higi\u00e9nia nagyon fontos, ahogy a k\u00f6r\u00fcltekint\u0151 n\u0151gy\u00f3gy\u00e1szati \u00e9s sz\u00fcl\u00e9szeti ell\u00e1t\u00e1s is. Ha valakinek gyullad\u00e1sos b\u00e9lbetegs\u00e9ge vagy b\u00e1rmilyen kismedencei gyullad\u00e1sa van, akkor fontos annak miel\u0151bbi felismer\u00e9se \u00e9s kezel\u00e9se. Az esetleges balesetek megel\u0151z\u00e9se \u00e9rdek\u00e9ben szint\u00e9n meg kell tenni mindent.<\/p>\n\n\n\n<p><strong>Sz\u00f6v\u0151dm\u00e9ny<\/strong><\/p>\n\n\n\n<p>Sz\u00f6v\u0151dm\u00e9nyk\u00e9nt n\u0151gy\u00f3gy\u00e1szati, b\u0151rgy\u00f3gy\u00e1szati \u00e9s h\u00fagy\u00fati fert\u0151z\u00e9sek, gyullad\u00e1sok alakulhatnak ki. Ezek mind abb\u00f3l ad\u00f3dnak, hogy a folyamatos v\u00e1lad\u00e9koz\u00e1s akad\u00e1lyozza a ter\u00fclet tiszt\u00e1n tart\u00e1s\u00e1t.<\/p>\n","protected":false},"excerpt":{"rendered":"<p>Rektovagin\u00e1lis sipoly R\u00f6vid le\u00edr\u00e1s Rektovagin\u00e1lis sipoly alatt azt \u00e9rtj\u00fck, amikor k\u00f3ros \u00f6sszek\u00f6ttet\u00e9s, j\u00e1rat alakul ki a h\u00fcvely \u00e9s a v\u00e9gb\u00e9l k\u00f6z\u00f6tt, majd azon kereszt\u00fcl b\u00e9ltartalom jut a v\u00e9gb\u00e9lb\u0151l a h\u00fcvelybe. Ilyenkor a sz\u00e9klet jelenl\u00e9te akad\u00e1lyozza a gy\u00f3gyul\u00e1st is, mivel \u00e1lland\u00f3 gyullad\u00e1st \u00e9s bakteri\u00e1lis fert\u0151z\u00e9st tart fent. El\u0151fordul\u00e1s A probl\u00e9ma pontos el\u0151fordul\u00e1si gyakoris\u00e1g\u00e1r\u00f3l adatok nem \u00e1llnak [&hellip;]<\/p>\n","protected":false},"author":1,"featured_media":0,"parent":2,"menu_order":8,"comment_status":"closed","ping_status":"closed","template":"","meta":{"_sitemap_exclude":false,"_sitemap_priority":"","_sitemap_frequency":"","footnotes":""},"class_list":["post-108","page","type-page","status-publish","hentry"],"_links":{"self":[{"href":"https:\/\/drharastaedit.hu\/index.php?rest_route=\/wp\/v2\/pages\/108","targetHints":{"allow":["GET"]}}],"collection":[{"href":"https:\/\/drharastaedit.hu\/index.php?rest_route=\/wp\/v2\/pages"}],"about":[{"href":"https:\/\/drharastaedit.hu\/index.php?rest_route=\/wp\/v2\/types\/page"}],"author":[{"embeddable":true,"href":"https:\/\/drharastaedit.hu\/index.php?rest_route=\/wp\/v2\/users\/1"}],"replies":[{"embeddable":true,"href":"https:\/\/drharastaedit.hu\/index.php?rest_route=%2Fwp%2Fv2%2Fcomments&post=108"}],"version-history":[{"count":2,"href":"https:\/\/drharastaedit.hu\/index.php?rest_route=\/wp\/v2\/pages\/108\/revisions"}],"predecessor-version":[{"id":259,"href":"https:\/\/drharastaedit.hu\/index.php?rest_route=\/wp\/v2\/pages\/108\/revisions\/259"}],"up":[{"embeddable":true,"href":"https:\/\/drharastaedit.hu\/index.php?rest_route=\/wp\/v2\/pages\/2"}],"wp:attachment":[{"href":"https:\/\/drharastaedit.hu\/index.php?rest_route=%2Fwp%2Fv2%2Fmedia&parent=108"}],"curies":[{"name":"wp","href":"https:\/\/api.w.org\/{rel}","templated":true}]}}