{"id":110,"date":"2023-02-11T12:48:23","date_gmt":"2023-02-11T12:48:23","guid":{"rendered":"https:\/\/developer.drharastaedit.hu\/?page_id=110"},"modified":"2023-02-18T11:14:16","modified_gmt":"2023-02-18T11:14:16","slug":"koldokserv","status":"publish","type":"page","link":"https:\/\/drharastaedit.hu\/?page_id=110","title":{"rendered":"K\u00f6ld\u00f6ks\u00e9rv"},"content":{"rendered":"\n<p><strong>K\u00f6ld\u00f6ks\u00e9rv<\/strong><\/p>\n\n\n\n<p><strong>R\u00f6vid le\u00edr\u00e1s<\/strong><\/p>\n\n\n\n<p>A k\u00f6ld\u00f6kny\u00edl\u00e1s a hasfalnak olyan ny\u00edl\u00e1sa, ahol norm\u00e1l esetben a magzati \u00e9letben erek, izmok, idegek jutnak ki a has\u00fcreg bels\u0151 felsz\u00edn\u00e9b\u0151l a felsz\u00ednre. S\u00e9rv benne akkor alakulhat ki, ha a k\u00f6ld\u00f6kny\u00edl\u00e1st k\u00f6r\u00fclvev\u0151 k\u00f6ld\u00f6kgy\u0171r\u0171 meggyeng\u00fcl vagy t\u00e1gul. Ilyenkor maga a s\u00e9rv a k\u00f6ld\u00f6kgy\u0171r\u0171ben kialakul\u00f3 t\u00e1gulat, valamint az ebbe bejut\u00f3 has\u00fcregi szervek \u00e1ltal okozott elv\u00e1ltoz\u00e1s \u00e9s duzzanat.<\/p>\n\n\n\n<p><strong>El\u0151fordul\u00e1s<\/strong><\/p>\n\n\n\n<p>A probl\u00e9ma el\u0151fordul\u00e1si gyakoris\u00e1ga 15-20 sz\u00e1zal\u00e9k k\u00f6r\u00fcli.<\/p>\n\n\n\n<p><strong>Okok<\/strong><\/p>\n\n\n\n<p>A k\u00f6ld\u00f6kgy\u0171r\u0171ben magzati korban erek \u00e9s idegek tal\u00e1lhat\u00f3k, ezek t\u00e1pl\u00e1lj\u00e1k a magzatot a m\u00e9hlep\u00e9nyb\u0151l. Sz\u00fclet\u00e9s ut\u00e1n ezek elsorvadnak, kialakul a k\u00f6ld\u00f6kcsonk. Norm\u00e1l esetben ez a csonk \u00f6sszeheged, a ny\u00edl\u00e1st er\u0151s hegsz\u00f6vet z\u00e1rja, megakad\u00e1lyozva ezzel azt, hogy a has\u00fcregb\u0151l b\u00e1rmi el\u0151boltosuljon. Ha ez a gy\u0171r\u0171 valamilyen ok miatt t\u00e1gul vagy s\u00e9r\u00fcl, s\u00e9rv alakulhat ki. Ilyenkor a kiv\u00e1lt\u00f3 ok a hasfali gyenges\u00e9g \u00e9s a nagyobb k\u00f6ld\u00f6kny\u00edl\u00e1s, ami adotts\u00e1g k\u00e9rd\u00e9se. Gyerekkorban a k\u00f6ld\u00f6ks\u00e9rv legink\u00e1bb egy\u00e9ni hajlam talaj\u00e1n alakul ki, feln\u0151tt korban viszont m\u00e1r jellemz\u0151en szerzett. Kiv\u00e1lt\u00f3 oka lehet az, ha a hasfalat t\u00falzott megterhel\u00e9s \u00e9ri. Ilyenkor a k\u00f6ld\u00f6kgy\u0171r\u0171 k\u00f6nnyen s\u00e9r\u00fclhet, l\u00e9v\u00e9n ez a hasnak az egyik gyenge pontja. Maga a terhel\u00e9s lehet komoly fizikai munka, de ak\u00e1r az elh\u00edz\u00e1s is. Az \u00e1ltal\u00e1nos k\u00f6t\u0151sz\u00f6veti gyenges\u00e9g ugyancsak hajlamos\u00edt\u00f3 t\u00e9nyez\u0151, ennek hajlama \u00f6r\u00f6kl\u0151dhet is. Gyenge k\u00f6t\u0151sz\u00f6vettel rendelkez\u0151 n\u0151kn\u00e9l a terhess\u00e9g is rejthet ilyen vesz\u00e9lyt. Az ikerterhess\u00e9g \u00f6nmag\u00e1ban is komolyabb fizikai terhet jelent, hajlamos\u00edthat k\u00f6ld\u00f6ks\u00e9rv kialakul\u00e1s\u00e1ra. \u00c1llhat a h\u00e1tt\u00e9rben a k\u00f6ld\u00f6k ter\u00fclet\u00e9t \u00e9rint\u0151 hasi m\u0171t\u00e9t is, ami a metsz\u00e9s miatt n\u00f6veli a k\u00f6ld\u00f6ks\u00e9rv kock\u00e1zat\u00e1t. Ma m\u00e1r egyre t\u00f6bb m\u0171t\u00e9tet v\u00e9geznek laparoszk\u00f3pos elj\u00e1r\u00e1ssal, melynek sor\u00e1n a k\u00f6ld\u00f6kgy\u0171r\u0171 ter\u00fclet\u00e9n vezetik be a kb. 2 centim\u00e9ter \u00e1tm\u00e9r\u0151j\u0171, optik\u00e1t befogad\u00f3 cs\u00f6vet, \u00edgy esetenk\u00e9nt ennek hely\u00e9n is kialakulhat k\u00f6ld\u00f6ks\u00e9rv.<\/p>\n\n\n\n<p><strong>T\u00fcnetek<\/strong><\/p>\n\n\n\n<p>A k\u00f6ld\u00f6ks\u00e9rv t\u00fcnete a k\u00f6ld\u00f6k ter\u00fclet\u00e9n n\u00f6vekv\u0151 duzzanat, ami elkezd panaszokat okozni. F\u00e1jdalom kezdetben nem felt\u00e9tlen jelentkezik, de kellemetlens\u00e9g\u00e9rz\u00e9s, diszkonfort\u00e9rzet mindenk\u00e9ppen. Maga a s\u00e9rv mindig j\u00f3l l\u00e1that\u00f3, el\u00e9g egy\u00e9rtelm\u0171 amiatt, hogy eleinte fekv\u0151 helyzetben mindenk\u00e9ppen elt\u0171nik, \u00edgy \u00e1ltal\u00e1ban meglehet\u0151sen k\u00f6nny\u0171 felismerni.<\/p>\n\n\n\n<p><strong>K\u00f3rlefoly\u00e1s<\/strong><\/p>\n\n\n\n<p>A szerzett s\u00e9rv \u00fagy j\u00f6n l\u00e9tre, hogy a k\u00f6ld\u00f6kgy\u0171r\u0171 t\u00e1gul\u00e1s\u00e1t k\u00f6vet\u0151en a has\u00fcregi nyom\u00e1s hat\u00e1s\u00e1ra a hasfal ny\u00edl\u00e1s\u00e1n \u00e1t kijut a norm\u00e1l esetben a hasfalon bel\u00fcl l\u00e9v\u0151 b\u00e9l \u00e9s hasfali zs\u00edrk\u00f6peny egy r\u00e9sze. A b\u0151r \u00e9s a k\u00f6t\u0151sz\u00f6vet felette elv\u00e9konyodik, a nyom\u00e1s pedig egyre kijjebb tolja a s\u00e9rvt\u00f6ml\u0151t. A s\u00e9rv eleinte nem fix csom\u00f3, ha p\u00e9ld\u00e1ul hanyatt fekszik a beteg, tartalma visszacs\u00faszik a has\u00fcregbe, majd fel\u00e1ll\u00e1skor \u00fajra megjelenik. Ha a s\u00e9rvbe m\u00e1r has\u00fcregi szervek is bejutnak, el\u0151fordulhat kiz\u00e1r\u00f3d\u00e1s is, ami s\u00fcrg\u0151s, \u00e9letvesz\u00e9lye \u00e1llapot, azonnali m\u0171t\u00e9tet indokol. Ennek oka, hogy a s\u00e9rvbe kiz\u00e1r\u00f3dott b\u00e9ltartalom ak\u00e1r el is halhat.<\/p>\n\n\n\n<p><strong>Diagn\u00f3zis<\/strong><\/p>\n\n\n\n<p>A diagn\u00f3zist fizikai vizsg\u00e1lattal \u00e1ll\u00edtj\u00e1k f\u00f6l, k\u00e9palkot\u00f3ra ritk\u00e1n van sz\u00fcks\u00e9g. Ha m\u00e9gis, \u00e1ltal\u00e1ban ultrahang vizsg\u00e1latot v\u00e9gezhetnek.<\/p>\n\n\n\n<p><strong>Kezel\u00e9s<\/strong><\/p>\n\n\n\n<p>Az egyetlen kezel\u00e9si m\u00f3d a m\u0171t\u00e9t, a s\u00e9rv lek\u00f6t\u00f6z\u00e9se nem jelent megold\u00e1st. Az oper\u00e1ci\u00f3 t\u00edpusa a s\u00e9rv m\u00e9ret\u00e9t\u0151l f\u00fcgg: ha kisebb, akkor el\u00e9g a has r\u00e9teges \u00f6sszez\u00e1r\u00e1sa, ami gyakorlatilag megkett\u0151zi a k\u00f6t\u0151sz\u00f6veti r\u00e9tegeket. A has \u00f6sszevarr\u00e1sa ut\u00e1n a gy\u00f3gyul\u00e1sig k\u00edm\u00e9lni kell a ter\u00fcletet. Ha a s\u00e9rv m\u00e1r nagyobb, akkor el\u0151fordul, hogy h\u00e1l\u00f3 be\u00fcltet\u00e9s\u00e9re is sz\u00fcks\u00e9g van. A m\u0171t\u00e9t ut\u00e1n 4-6 h\u00e9tig hasznos lehet rugalmas hask\u00f6t\u0151 visel\u00e9se is, a hasat fokozatosan csak ezt k\u00f6vet\u0151en szabad terhelni.<\/p>\n\n\n\n<p><strong>Megel\u0151z\u00e9s<\/strong><\/p>\n\n\n\n<p>Ker\u00fclni kell a hirtelen nagy er\u0151fesz\u00edt\u00e9seket: p\u00e9ld\u00e1ul aki \u00e1ltal\u00e1ban irodai munk\u00e1t v\u00e9gez, lehet\u0151leg k\u00f6lt\u00f6zk\u00f6d\u00e9skor ne \u00e1lljon neki s\u00falyos t\u00e1rgyakat emelgetni. Csecsem\u0151korban a k\u00f6ld\u00f6kcsonk megfelel\u0151 gy\u00f3gyul\u00e1s\u00e1t seg\u00edti, ha a gyerek min\u00e9l kev\u00e9sb\u00e9 er\u0151lk\u00f6dik, nem beteg, nincs b\u00e9lm\u0171k\u00f6d\u00e9si zavara, sz\u00e9kreked\u00e9se, nem s\u00edr t\u00fal sokat, ide\u00e1lis k\u00f6r\u00fclm\u00e9nyek kedveznek a spont\u00e1n gy\u00f3gyul\u00e1snak, az er\u0151s hegsz\u00f6vet kialakul\u00e1s\u00e1nak. A bab\u00e1kat az els\u0151 k\u00e9t \u00e9vben \u00e1ltal\u00e1ban m\u00e9g \u00e9szlelhet\u0151 k\u00f6ld\u00f6kgy\u0171r\u0171-gyenges\u00e9g eset\u00e9n sem oper\u00e1lj\u00e1k, mert van es\u00e9ly arra, hogy ez a ter\u00fclet mag\u00e1t\u00f3l meger\u0151s\u00f6dj\u00f6n. Oper\u00e1lni csak akkor szoktak, ha a k\u00f6ld\u00f6ks\u00e9rv k\u00e9t \u00e9ves kor f\u00f6l\u00f6tt is megmarad.<\/p>\n\n\n\n<p><strong>Gy\u00f3gyul\u00e1si es\u00e9lyek<\/strong><\/p>\n\n\n\n<p>A gy\u00f3gyul\u00e1si es\u00e9lyek nagyon j\u00f3k, jellemz\u0151en 90-95 sz\u00e1zal\u00e9kosak. Teljes gy\u00f3gyul\u00e1s \u00e1ltal\u00e1ban csak akkor nem \u00e9rhet\u0151 el, ha valamilyen s\u00falyos alapbetegs\u00e9g, p\u00e9ld\u00e1ul m\u00e1jbetegs\u00e9g \u00e1ll fent, vagy nagyobb mennyis\u00e9g\u0171 has\u0171ri folyad\u00e9k k\u00e9pz\u0151dik.<\/p>\n\n\n\n<p><strong>Sz\u00f6v\u0151dm\u00e9ny<\/strong><\/p>\n\n\n\n<p>Ha a k\u00f6ld\u00f6ks\u00e9rvet elhanyagolj\u00e1k, akkor a benne l\u00e9v\u0151 hasi szervek kiz\u00e1r\u00f3dhatnak, ami b\u00e9lelz\u00e1r\u00f3d\u00e1st, b\u00e9lelhal\u00e1st okozhat. El\u0151fordulhat az is, hogy f\u00f6l\u00f6tte a b\u0151r elv\u00e9konyodik, kisebesedik, kifek\u00e9lyesedik. Ut\u00f3bbi k\u00fcl\u00f6n\u00f6sen akkor gyakori, ha a s\u00e9rv mellett olyan egy\u00e9b hasi betegs\u00e9g \u2013 p\u00e9ld\u00e1dul m\u00e1jbetegs\u00e9g \u2013 is fenn\u00e1ll, amely a has k\u00f6rfogat\u00e1nak n\u00f6veked\u00e9s\u00e9vel j\u00e1r.<\/p>\n","protected":false},"excerpt":{"rendered":"<p>K\u00f6ld\u00f6ks\u00e9rv R\u00f6vid le\u00edr\u00e1s A k\u00f6ld\u00f6kny\u00edl\u00e1s a hasfalnak olyan ny\u00edl\u00e1sa, ahol norm\u00e1l esetben a magzati \u00e9letben erek, izmok, idegek jutnak ki a has\u00fcreg bels\u0151 felsz\u00edn\u00e9b\u0151l a felsz\u00ednre. S\u00e9rv benne akkor alakulhat ki, ha a k\u00f6ld\u00f6kny\u00edl\u00e1st k\u00f6r\u00fclvev\u0151 k\u00f6ld\u00f6kgy\u0171r\u0171 meggyeng\u00fcl vagy t\u00e1gul. Ilyenkor maga a s\u00e9rv a k\u00f6ld\u00f6kgy\u0171r\u0171ben kialakul\u00f3 t\u00e1gulat, valamint az ebbe bejut\u00f3 has\u00fcregi szervek \u00e1ltal okozott [&hellip;]<\/p>\n","protected":false},"author":1,"featured_media":0,"parent":2,"menu_order":9,"comment_status":"closed","ping_status":"closed","template":"","meta":{"_sitemap_exclude":false,"_sitemap_priority":"","_sitemap_frequency":"","footnotes":""},"class_list":["post-110","page","type-page","status-publish","hentry"],"_links":{"self":[{"href":"https:\/\/drharastaedit.hu\/index.php?rest_route=\/wp\/v2\/pages\/110","targetHints":{"allow":["GET"]}}],"collection":[{"href":"https:\/\/drharastaedit.hu\/index.php?rest_route=\/wp\/v2\/pages"}],"about":[{"href":"https:\/\/drharastaedit.hu\/index.php?rest_route=\/wp\/v2\/types\/page"}],"author":[{"embeddable":true,"href":"https:\/\/drharastaedit.hu\/index.php?rest_route=\/wp\/v2\/users\/1"}],"replies":[{"embeddable":true,"href":"https:\/\/drharastaedit.hu\/index.php?rest_route=%2Fwp%2Fv2%2Fcomments&post=110"}],"version-history":[{"count":2,"href":"https:\/\/drharastaedit.hu\/index.php?rest_route=\/wp\/v2\/pages\/110\/revisions"}],"predecessor-version":[{"id":261,"href":"https:\/\/drharastaedit.hu\/index.php?rest_route=\/wp\/v2\/pages\/110\/revisions\/261"}],"up":[{"embeddable":true,"href":"https:\/\/drharastaedit.hu\/index.php?rest_route=\/wp\/v2\/pages\/2"}],"wp:attachment":[{"href":"https:\/\/drharastaedit.hu\/index.php?rest_route=%2Fwp%2Fv2%2Fmedia&parent=110"}],"curies":[{"name":"wp","href":"https:\/\/api.w.org\/{rel}","templated":true}]}}