{"id":2,"date":"2021-09-17T06:32:57","date_gmt":"2021-09-17T06:32:57","guid":{"rendered":"http:\/\/developer.drharastaedit.hu\/?page_id=2"},"modified":"2023-05-23T06:11:06","modified_gmt":"2023-05-23T06:11:06","slug":"cikkek","status":"publish","type":"page","link":"https:\/\/drharastaedit.hu\/?page_id=2","title":{"rendered":"Cikkek, publik\u00e1ci\u00f3k"},"content":{"rendered":"\n<div style=\"height:100px\" aria-hidden=\"true\" class=\"wp-block-spacer\"><\/div>\n\n\n\n<div style=\"height:35px\" aria-hidden=\"true\" class=\"wp-block-spacer\"><\/div>\n\n\n\n<ul class=\"wp-block-list\">\n<li><a href=\"\/?page_id=104\">Gyomorbetegs\u00e9gek<\/a><\/li>\n\n\n\n<li><a href=\"\/?page_id=64\" data-type=\"URL\" target=\"_blank\" rel=\"noreferrer noopener\">Mivel foglalkozik a gasztroenterologus<\/a><\/li>\n\n\n\n<li><a href=\"\/?page_id=73\" target=\"_blank\" rel=\"noreferrer noopener\">Mi a vashi\u00e1nyos v\u00e9rszeg\u00e9nys\u00e9g?<\/a><\/li>\n\n\n\n<li><a rel=\"noreferrer noopener\" href=\"\/?page_id=75\" target=\"_blank\">Sz\u00e9kletinkontinencia t\u00fcnetei \u00e9s kezel\u00e9se<\/a><\/li>\n\n\n\n<li><a href=\"\/?page_id=106\">Rekeszs\u00e9rv<\/a><\/li>\n\n\n\n<li><a href=\"\/?page_id=108\" data-type=\"URL\" data-id=\"\/?page_id=108\">Rektovagin\u00e1lis sipoly<\/a><\/li>\n\n\n\n<li><a href=\"\/?page_id=110\" data-type=\"URL\" data-id=\"\/?page_id=110\">K\u00f6ld\u00f6ks\u00e9rv<\/a><\/li>\n\n\n\n<li><a rel=\"noreferrer noopener\" href=\"https:\/\/drharastaedit.hu\/?page_id=265\" data-type=\"URL\" data-id=\"https:\/\/drharastaedit.hu\/?page_id=265\" target=\"_blank\">R\u00e1kmegel\u0151z\u00e9s vastagb\u00e9lt\u00fckr\u00f6z\u00e9ssel<\/a><\/li>\n<\/ul>\n\n\n\n<div style=\"height:63px\" aria-hidden=\"true\" class=\"wp-block-spacer\"><\/div>\n\n\n\n<p class=\"has-large-font-size\"><strong>Vide\u00f3 rendel\u0151 felv\u00e9telek<\/strong>:<\/p>\n\n\n\n<p><\/p>\n\n\n\n<p><\/p>\n\n\n\n<ul class=\"wp-block-list\">\n<li><a href=\"https:\/\/youtu.be\/lIGqg9g8hFc\" data-type=\"URL\" data-id=\"https:\/\/youtu.be\/lIGqg9g8hFc\" target=\"_blank\" rel=\"noreferrer noopener\">Tudnival\u00f3k a puffad\u00e1sr\u00f3l<\/a><\/li>\n\n\n\n<li><a rel=\"noreferrer noopener\" href=\"https:\/\/youtu.be\/-MRJU7Bvrv0\" target=\"_blank\">A h\u00e1ml\u00f3, piros arcb\u0151r em\u00e9szt\u00e9si panaszokat jelez?<\/a><\/li>\n\n\n\n<li><a href=\"https:\/\/youtu.be\/Pra12gBKd5E\" data-type=\"URL\" data-id=\"https:\/\/youtu.be\/Pra12gBKd5E\" target=\"_blank\" rel=\"noreferrer noopener\">A Helicobacter pylori okozza a gyomorfek\u00e9lyt?<\/a><\/li>\n\n\n\n<li><a href=\"https:\/\/youtu.be\/xQNDp-emmEA\" target=\"_blank\" rel=\"noreferrer noopener\">A stresszkezel\u00e9s enyh\u00edti a refluxos panaszokat?<\/a><\/li>\n\n\n\n<li><a rel=\"noreferrer noopener\" href=\"https:\/\/youtu.be\/AFB-_wDrTGQ\" data-type=\"URL\" target=\"_blank\">Baj, ha a kisgyerekek visszatartj\u00e1k a sz\u00e9klet\u00fcket?<\/a><\/li>\n\n\n\n<li><a href=\"https:\/\/youtu.be\/tvjVP0QPiOw\" data-type=\"URL\" data-id=\"https:\/\/youtu.be\/tvjVP0QPiOw\" target=\"_blank\" rel=\"noreferrer noopener\">Feln\u0151ttkorban is kider\u00fclhet a liszt\u00e9rz\u00e9kenys\u00e9g?<\/a><\/li>\n\n\n\n<li><a href=\"https:\/\/youtu.be\/dcY7A21UsK0\" data-type=\"URL\" data-id=\"https:\/\/youtu.be\/dcY7A21UsK0\" target=\"_blank\" rel=\"noreferrer noopener\">H\u00e1ny arany\u00e9rm\u0171t\u00e9t kell, hogy v\u00e9gre ne \u00fajuljon ki a probl\u00e9ma?<\/a><\/li>\n\n\n\n<li><a href=\"https:\/\/youtu.be\/SVjphLu4ORk\" target=\"_blank\" rel=\"noreferrer noopener\">Helicobacter-fert\u0151z\u00f6tts\u00e9g savlek\u00f6t\u0151kt\u0151l?<\/a><\/li>\n\n\n\n<li><a href=\"https:\/\/youtu.be\/bRyAYR2Sgh8\" data-type=\"URL\" data-id=\"https:\/\/youtu.be\/bRyAYR2Sgh8\" target=\"_blank\" rel=\"noreferrer noopener\">Milyen betegs\u00e9get jelez a v\u00e9res sz\u00e9klet?<\/a><\/li>\n\n\n\n<li><a href=\"https:\/\/youtu.be\/DgVBuPC9z5A\" data-type=\"URL\" data-id=\"https:\/\/youtu.be\/DgVBuPC9z5A\" target=\"_blank\" rel=\"noreferrer noopener\">Nem szeretek napozni, hogy juthatok D-vitaminhoz?<\/a><\/li>\n\n\n\n<li><a href=\"https:\/\/youtu.be\/zYDGXkH1nTs\" target=\"_blank\" rel=\"noreferrer noopener\">Sz\u00e9kreked\u00e9s eset\u00e9n ne hashajt\u00f3hoz ny\u00faljunk!<\/a><\/li>\n\n\n\n<li><a rel=\"noreferrer noopener\" href=\"https:\/\/youtu.be\/LOQeDxMJFdU\" data-type=\"URL\" data-id=\"https:\/\/youtu.be\/LOQeDxMJFdU\" target=\"_blank\">T\u00e9nyleg semmi sz\u00fcks\u00e9g a b\u00e9ltiszt\u00edt\u00e1sra?<\/a><\/li>\n\n\n\n<li><a href=\"https:\/\/content.jwplatform.com\/previews\/YbDl7KfT\" data-type=\"URL\" data-id=\"https:\/\/content.jwplatform.com\/previews\/YbDl7KfT\" target=\"_blank\" rel=\"noreferrer noopener\">Feln\u0151ttkorban is kider\u00fclhet a liszt\u00e9rz\u00e9kenys\u00e9g?<\/a><\/li>\n<\/ul>\n","protected":false},"excerpt":{"rendered":"<p>Vide\u00f3 rendel\u0151 felv\u00e9telek:<\/p>\n","protected":false},"author":1,"featured_media":0,"parent":0,"menu_order":3,"comment_status":"closed","ping_status":"open","template":"","meta":{"_sitemap_exclude":false,"_sitemap_priority":"","_sitemap_frequency":"","footnotes":""},"class_list":["post-2","page","type-page","status-publish","hentry"],"_links":{"self":[{"href":"https:\/\/drharastaedit.hu\/index.php?rest_route=\/wp\/v2\/pages\/2","targetHints":{"allow":["GET"]}}],"collection":[{"href":"https:\/\/drharastaedit.hu\/index.php?rest_route=\/wp\/v2\/pages"}],"about":[{"href":"https:\/\/drharastaedit.hu\/index.php?rest_route=\/wp\/v2\/types\/page"}],"author":[{"embeddable":true,"href":"https:\/\/drharastaedit.hu\/index.php?rest_route=\/wp\/v2\/users\/1"}],"replies":[{"embeddable":true,"href":"https:\/\/drharastaedit.hu\/index.php?rest_route=%2Fwp%2Fv2%2Fcomments&post=2"}],"version-history":[{"count":32,"href":"https:\/\/drharastaedit.hu\/index.php?rest_route=\/wp\/v2\/pages\/2\/revisions"}],"predecessor-version":[{"id":270,"href":"https:\/\/drharastaedit.hu\/index.php?rest_route=\/wp\/v2\/pages\/2\/revisions\/270"}],"wp:attachment":[{"href":"https:\/\/drharastaedit.hu\/index.php?rest_route=%2Fwp%2Fv2%2Fmedia&parent=2"}],"curies":[{"name":"wp","href":"https:\/\/api.w.org\/{rel}","templated":true}]}}