{"id":265,"date":"2023-05-23T05:34:17","date_gmt":"2023-05-23T05:34:17","guid":{"rendered":"https:\/\/drharastaedit.hu\/?page_id=265"},"modified":"2023-05-23T05:34:17","modified_gmt":"2023-05-23T05:34:17","slug":"rakmegelozes-vastagbeltukrozessel","status":"publish","type":"page","link":"https:\/\/drharastaedit.hu\/?page_id=265","title":{"rendered":"R\u00e1kmegel\u0151z\u00e9s vastagb\u00e9lt\u00fckr\u00f6z\u00e9ssel"},"content":{"rendered":"\n<p>Dr. Harasta Edit a Dr. Rose Mag\u00e1nk\u00f3rh\u00e1z gasztroenterol\u00f3gusa \u00e9vtizedek \u00f3ta v\u00e9gez endoszk\u00f3pos vizsg\u00e1latokat, beavatkoz\u00e1sokat f\u0151k\u00e9nt a nyel\u0151cs\u0151, gyomor \u00e9s a vastagb\u00e9l ter\u00fclet\u00e9n. Ez ut\u00f3bbi beavatkoz\u00e1sokat d\u00f6nt\u0151en altat\u00e1sban v\u00e9gzi. Tev\u00e9kenys\u00e9ge sor\u00e1n kiemelt jelent\u0151s\u00e9get tulajdon\u00edt a megel\u0151z\u00e9snek sz\u0171r\u0151vizsg\u00e1latok v\u00e9gz\u00e9s\u00e9vel, r\u00e1kmegel\u0151z\u0151 \u00e1llapotok felder\u00edt\u00e9se, j\u00f3indulat\u00fa<br>elv\u00e1ltoz\u00e1sok, polypok elt\u00e1vol\u00edt\u00e1sa c\u00e9lj\u00e1b\u00f3l. A legfontosabb tudnival\u00f3kr\u00f3l k\u00e9rdezt\u00fck.<\/p>\n\n\n\n<p><br><strong>Mit kell tudnunk a gasztroenterol\u00f3giai vizsg\u00e1latokr\u00f3l?<\/strong><\/p>\n\n\n\n<p>A gasztroenterol\u00f3gia k\u00e9t fontos ter\u00fcletre oszthat\u00f3: az egyik a gyomor-b\u00e9lrendszert \u00e9rint\u0151 megl\u00e9v\u0151 panaszok ok\u00e1nak felder\u00edt\u00e9se \u00e9s azok kezel\u00e9se, gy\u00f3gy\u00edt\u00e1sa, a m\u00e1sik a gyomor-b\u00e9lrendszert \u00e9rint\u0151 betegs\u00e9gek sz\u0171r\u00e9se. Sajnos a daganatos hal\u00e1loz\u00e1sok el\u00e9g jelent\u0151s m\u00e9rt\u00e9kben jellemz\u0151ek a gyomor-b\u00e9lrendszer betegs\u00e9geivel kapcsolatban, a vastagb\u00e9lr\u00e1k nagy kock\u00e1zati t\u00e9nyez\u0151 az eg\u00e9sz vil\u00e1gon, viszont sz\u0171r\u0151vizsg\u00e1lattal megel\u0151zhet\u0151. Ez egy \u00f3ri\u00e1si lehet\u0151s\u00e9g sz\u00e1munkra, hiszen a daganatok legnagyobb r\u00e9sz\u00e9t csak keress\u00fck, illetve megpr\u00f3b\u00e1ljuk min\u00e9l kor\u00e1bbi st\u00e1diumban megtal\u00e1lni, ez tal\u00e1n az egyetlen olyan ter\u00fclet ahol megel\u0151zni tudjuk a betegs\u00e9get.<br>A gasztroenterol\u00f3gia ter\u00fclet\u00e9n a leginvaz\u00edvabb (beavatkoz\u00e1ssal j\u00e1r\u00f3) vizsg\u00e1latok a gyomort\u00fckr\u00f6z\u00e9s \u00e9s a vastagb\u00e9lt\u00fckr\u00f6z\u00e9s. Ezek nem kedvelt beavatkoz\u00e1sok, hiszen mind a kett\u0151 kellemetlens\u00e9ggel j\u00e1r. Amennyiben m\u00f3d van r\u00e1, sz\u00edvesen v\u00e9gezz\u00fck a vizsg\u00e1latokat altat\u00e1sban az\u00e9rt, hogy ezt a kellemetlens\u00e9get cs\u00f6kkents\u00fck, ilyenkor ez egy teljesen f\u00e1jdalommentes, probl\u00e9mamentes vizsg\u00e1lat. Az altat\u00e1sra jellemz\u0151, hogy nagyon kellemes j\u00f3 \u00e9lm\u00e9ny\u0171 fel\u00fcletes alv\u00e1st biztos\u00edt, nem jelent nagy kock\u00e1zatot, csak a tudatot, \u00e9rz\u00e9kel\u00e9st kikapcsol\u00f3 elj\u00e1r\u00e1s, melynek sor\u00e1n mi nyugodtan \u00e9s gyorsan el tudjuk v\u00e9gezni a vizsg\u00e1latokat. Ami az el\u0151k\u00e9sz\u00fcleteket illeti, ha vastagb\u00e9lt\u00fckr\u00f6z\u00e9st is v\u00e9gz\u00fcnk, akkor el\u0151tte sz\u00fcks\u00e9ges a b\u00e9ltiszt\u00edt\u00e1s ami, h\u00e1la az \u00faj gy\u00f3gyszereknek m\u00e1r csak egy f\u00e9l napos proced\u00fara.<\/p>\n\n\n\n<p><br><strong>Milyen esetben v\u00e9geznek gyomort\u00fckr\u00f6z\u00e9st \u00e9s milyen esetben javasolt a v\u00e9gb\u00e9lt\u00fckr\u00f6z\u00e9s elv\u00e9gz\u00e9se?<\/strong><\/p>\n\n\n\n<p><br>A gyomort\u00fckr\u00f6z\u00e9st ink\u00e1bb panaszokhoz alkalmazkodva szoktunk elv\u00e9gezni. Magyarorsz\u00e1gon a reflux t\u00e9nyleg nagyon gyakori \u00e9s sok panaszt okoz, sajnos nagyon sokszor kezelik kivizsg\u00e1l\u00e1s n\u00e9lk\u00fcl, ami \u00edgy nagy kock\u00e1zatot jelent a beteg sz\u00e1m\u00e1ra. \u00c9n magam r\u00e9sz\u00e9r\u0151l azt vallom, hogy egy frissen megjelent gyomor panaszt \u2013 amennyiben nem v\u00edrus infekci\u00f3r\u00f3l van sz\u00f3, \u2013 musz\u00e1j legal\u00e1bb egyszer megn\u00e9zni ugyanis a gyomorban kezd\u0151d\u0151 daganat alattomos betegs\u00e9g. Nagyon sokszor, nagyon hossz\u00fa ideig hasonl\u00edt az \u00f6sszes t\u00fcnete, vagy az \u00e1ltala okozott f\u00e1jdalom ak\u00e1r a refluxra, fek\u00e9lyre \u00e9s eleinte k\u00f6nnyen elnyomhat\u00f3k a t\u00fcnetek. Ilyenkor nagyon fontos az id\u0151t\u00e9nyez\u0151, mert ha id\u0151ben felfedezz\u00fck a gyomordaganatot, akkor gy\u00f3gy\u00edthat\u00f3 \u00e9s oper\u00e1lhat\u00f3, de a sikeres gy\u00f3gy\u00edt\u00e1sban nagy szerepe van a korai felismer\u00e9snek.<br>A vastagb\u00e9l vizsg\u00e1latokat sz\u0171r\u00e9sk\u00e9nt kell v\u00e9gezni, de term\u00e9szetesen ha valakinek panasza, t\u00fcnete van, akkor ki kell vizsg\u00e1lni. 45-50 \u00e9ves kort\u00f3l kezdve mindenkinek aj\u00e1nljuk m\u00e1r a vastagb\u00e9l t\u00fckr\u00f6z\u00e9s elv\u00e9gz\u00e9s\u00e9t sz\u0171r\u00e9s c\u00e9lj\u00e1b\u00f3l. Az\u00e9rt hangs\u00falyozom ezt, mert ez azt jelenti, hogy teljesen t\u00fcnet \u00e9s panaszmentes esetben is fontos a sz\u0171r\u0151vizsg\u00e1lat. Ennek az az oka, hogy a vastagb\u00e9ldaganatok j\u00f3indulat\u00fa kin\u00f6v\u00e9sekb\u0151l, polypokb\u00f3l indulnak. Ezek a polypok olyan n\u00f6ved\u00e9kek, mint p\u00e9ld\u00e1ul a szem\u00f6lcs a b\u0151r\u00f6n, teljesen j\u00f3indulat\u00faak \u00e9s ha id\u0151ben megtal\u00e1ljuk \u00e9s elt\u00e1vol\u00edtjuk \u0151ket, akkor megel\u0151zz\u00fck, hogy nagyobbra n\u0151jenek \u00e9s \u00e1talakuljanak daganatos elv\u00e1ltoz\u00e1ss\u00e1. A vizsg\u00e1lat sor\u00e1n a kisebb m\u00e9ret\u0171 polypokat mindig el is t\u00e1vol\u00edtjuk, hogy ne legyen sz\u00fcks\u00e9g k\u00f6vetkez\u0151 l\u00e9p\u00e9sre. A vizsg\u00e1lat ut\u00e1n tulajdonk\u00e9ppen t\u00e1vozhat a beteg. Amennyiben altat\u00e1sban v\u00e9gezt\u00fck a vizsg\u00e1latot, egy \u00f3ra pihen\u00e9s ut\u00e1n k\u00eds\u00e9r\u0151vel engedj\u00fck haza a p\u00e1cienst, illetve a vizsg\u00e1lat napj\u00e1n nem vezethet aut\u00f3t.<\/p>\n","protected":false},"excerpt":{"rendered":"<p>Dr. Harasta Edit a Dr. Rose Mag\u00e1nk\u00f3rh\u00e1z gasztroenterol\u00f3gusa \u00e9vtizedek \u00f3ta v\u00e9gez endoszk\u00f3pos vizsg\u00e1latokat, beavatkoz\u00e1sokat f\u0151k\u00e9nt a nyel\u0151cs\u0151, gyomor \u00e9s a vastagb\u00e9l ter\u00fclet\u00e9n. Ez ut\u00f3bbi beavatkoz\u00e1sokat d\u00f6nt\u0151en altat\u00e1sban v\u00e9gzi. Tev\u00e9kenys\u00e9ge sor\u00e1n kiemelt jelent\u0151s\u00e9get tulajdon\u00edt a megel\u0151z\u00e9snek sz\u0171r\u0151vizsg\u00e1latok v\u00e9gz\u00e9s\u00e9vel, r\u00e1kmegel\u0151z\u0151 \u00e1llapotok felder\u00edt\u00e9se, j\u00f3indulat\u00faelv\u00e1ltoz\u00e1sok, polypok elt\u00e1vol\u00edt\u00e1sa c\u00e9lj\u00e1b\u00f3l. A legfontosabb tudnival\u00f3kr\u00f3l k\u00e9rdezt\u00fck. Mit kell tudnunk a gasztroenterol\u00f3giai vizsg\u00e1latokr\u00f3l? A [&hellip;]<\/p>\n","protected":false},"author":1,"featured_media":0,"parent":2,"menu_order":9,"comment_status":"closed","ping_status":"closed","template":"","meta":{"_sitemap_exclude":false,"_sitemap_priority":"","_sitemap_frequency":"","footnotes":""},"class_list":["post-265","page","type-page","status-publish","hentry"],"_links":{"self":[{"href":"https:\/\/drharastaedit.hu\/index.php?rest_route=\/wp\/v2\/pages\/265","targetHints":{"allow":["GET"]}}],"collection":[{"href":"https:\/\/drharastaedit.hu\/index.php?rest_route=\/wp\/v2\/pages"}],"about":[{"href":"https:\/\/drharastaedit.hu\/index.php?rest_route=\/wp\/v2\/types\/page"}],"author":[{"embeddable":true,"href":"https:\/\/drharastaedit.hu\/index.php?rest_route=\/wp\/v2\/users\/1"}],"replies":[{"embeddable":true,"href":"https:\/\/drharastaedit.hu\/index.php?rest_route=%2Fwp%2Fv2%2Fcomments&post=265"}],"version-history":[{"count":1,"href":"https:\/\/drharastaedit.hu\/index.php?rest_route=\/wp\/v2\/pages\/265\/revisions"}],"predecessor-version":[{"id":266,"href":"https:\/\/drharastaedit.hu\/index.php?rest_route=\/wp\/v2\/pages\/265\/revisions\/266"}],"up":[{"embeddable":true,"href":"https:\/\/drharastaedit.hu\/index.php?rest_route=\/wp\/v2\/pages\/2"}],"wp:attachment":[{"href":"https:\/\/drharastaedit.hu\/index.php?rest_route=%2Fwp%2Fv2%2Fmedia&parent=265"}],"curies":[{"name":"wp","href":"https:\/\/api.w.org\/{rel}","templated":true}]}}