{"id":8,"date":"2021-09-17T06:55:48","date_gmt":"2021-09-17T06:55:48","guid":{"rendered":"http:\/\/developer.drharastaedit.hu\/?page_id=8"},"modified":"2023-02-18T11:05:51","modified_gmt":"2023-02-18T11:05:51","slug":"kezdolap","status":"publish","type":"page","link":"https:\/\/drharastaedit.hu\/","title":{"rendered":"DR. HARASTA EDIT gasztroenterol\u00f3gus, seb\u00e9sz f\u0151orvos"},"content":{"rendered":"\n<div class=\"wp-block-media-text alignwide is-stacked-on-mobile is-vertically-aligned-center has-background-background-color has-background\"><figure class=\"wp-block-media-text__media\"><img loading=\"lazy\" decoding=\"async\" width=\"962\" height=\"641\" src=\"https:\/\/developer.drharastaedit.hu\/wp-content\/uploads\/2023\/02\/tev1.jpg\" alt=\"\" class=\"wp-image-34 size-full\" srcset=\"https:\/\/drharastaedit.hu\/wp-content\/uploads\/2023\/02\/tev1.jpg 962w, https:\/\/drharastaedit.hu\/wp-content\/uploads\/2023\/02\/tev1-300x200.jpg 300w, https:\/\/drharastaedit.hu\/wp-content\/uploads\/2023\/02\/tev1-768x512.jpg 768w\" sizes=\"auto, (max-width: 962px) 100vw, 962px\" \/><\/figure><div class=\"wp-block-media-text__content\">\n<div class=\"wp-block-group is-layout-flow wp-block-group-is-layout-flow\" style=\"padding-top:2em;padding-right:2em;padding-bottom:2em;padding-left:2em\">\n<p style=\"font-size:20px;line-height:1.2\">\u201eA betegs\u00e9g szervezet\u00fcnk \u00e9s k\u00f6rnyezet\u00fcnk k\u00f6z\u00f6tti diszharm\u00f3nia kifejez\u0151d\u00e9se.\u201d<\/p>\n\n\n\n<p class=\"has-small-font-size\"><strong><strong>(Szent-Gy\u00f6rgyi Albert)<\/strong><\/strong><\/p>\n<\/div>\n<\/div><\/div>\n\n\n\n<p class=\"has-background\" style=\"background-color:#fffdea;font-size:1.5rem\"><strong><a href=\"tel:+36309605577\" data-type=\"tel\" data-id=\"tel:+36309605577\">+36-30-9605577<\/a><\/strong><\/p>\n\n\n\n<p class=\"has-background-background-color has-background\"><strong><a href=\"\/?page_id=10\">Id\u0151pont foglal\u00e1s a rendel\u0151ben \u00e9s a klinik\u00e1n<\/a><\/strong><\/p>\n\n\n\n<p>Megnyit\u00e1s\u00e1t\u00f3l kezdve 1998-t\u00f3l a Telki K\u00f3rh\u00e1z seb\u00e9sz \u00e9s gasztroenterol\u00f3gus f\u0151orvosa voltam. Emellett dolgoztam a Weiss Manfr\u00e9d K\u00f3rh\u00e1z seb\u00e9szet\u00e9n, majd az Orsz\u00e1gos Baleseti Int\u00e9zet Seb\u00e9szet\u00e9n, valamint az \u00d3budai Szakorvosi Rendel\u0151 Gasztroenterol\u00f3giai r\u00e9szleg\u00e9n.&nbsp;<\/p>\n\n\n\n<p>2011 \u00f3ta a Professional Orvosi Centrumban, valamint a Dr. Rose Mag\u00e1nk\u00f3rh\u00e1zban dolgozom gasztroenterol\u00f3gusk\u00e9nt, f\u0151 profilom az endoszk\u00f3pos kivizsg\u00e1l\u00e1sok v\u00e9gz\u00e9se. R\u00e9szt veszek a k\u00f3rh\u00e1zi sz\u0171r\u0151vizsg\u00e1latokban, illetve az ut\u00f3bbi id\u0151ben egyre nagyobb sz\u00e1mban megjelen\u0151 em\u00e9szt\u00e9si panaszok kivizsg\u00e1l\u00e1saiban is.&nbsp;<\/p>\n\n\n\n<p>\u00c9vtizedek \u00f3ta v\u00e9gzek endoszk\u00f3pos vizsg\u00e1latokat, beavatkoz\u00e1sokat f\u0151k\u00e9nt a nyel\u0151cs\u0151, gyomor \u00e9s a vastagb\u00e9l ter\u00fclet\u00e9n. Ez ut\u00f3bbi beavatkoz\u00e1sokat d\u00f6nt\u0151en altat\u00e1sban v\u00e9gzem. Tev\u00e9kenys\u00e9gem sor\u00e1n kiemelt jelent\u0151s\u00e9get tulajdon\u00edtok a megel\u0151z\u00e9s c\u00e9lj\u00e1t szolg\u00e1l\u00f3 sz\u0171r\u0151vizsg\u00e1latnak r\u00e1kmegel\u0151z\u0151 \u00e1llapotok felder\u00edt\u00e9se, j\u00f3indulat\u00fa elv\u00e1ltoz\u00e1sok, polypok elt\u00e1vol\u00edt\u00e1sa c\u00e9lj\u00e1b\u00f3l.&nbsp;<\/p>\n\n\n\n<p><\/p>\n\n\n\n<p><strong>Szakk\u00e9pes\u00edt\u00e9sek:&nbsp;<\/strong><\/p>\n\n\n\n<p>\u00e1ltal\u00e1nos seb\u00e9szet 1993 (SOTE)<br>gasztroenterol\u00f3gia&nbsp; 1996 (SOTE)<br>eg\u00e9szs\u00e9g\u00fcgyi szakmenedzser 2003 (SOTE Eg\u00e9szs\u00e9g\u00fcgyi Menedzserk\u00e9pz\u0151 Tansz\u00e9k)<br>jogi szakokleveles orvos 2008 (PPTE Jogi \u00e9s&nbsp; \u00c1llamtudom\u00e1nyi Kar)<\/p>\n\n\n\n<p><\/p>\n\n\n\n<p class=\"has-medium-font-size\"><strong>Tev\u00e9kenys\u00e9geim:<\/strong><\/p>\n\n\n\n<p class=\"has-small-font-size\"><strong>Em\u00e9szt\u0151szervi panaszok gasztroenterol\u00f3giai kivizsg\u00e1l\u00e1sa, kezel\u00e9se<\/strong><\/p>\n\n\n\n<p class=\"has-small-font-size\"><strong>Endoscopos vizsg\u00e1latok, beavatkoz\u00e1sok: gyomort\u00fckr\u00f6z\u00e9s, vastagb\u00e9lt\u00fckr\u00f6z\u00e9s, mintav\u00e9tel, polypok elt\u00e1vol\u00edt\u00e1sa<\/strong><\/p>\n\n\n\n<p class=\"has-small-font-size\"><strong>Altat\u00e1sban v\u00e9gzett vizsg\u00e1latok<\/strong><\/p>\n\n\n\n<p class=\"has-small-font-size\"><strong>Gyomorr\u00e1k, vastagb\u00e9lr\u00e1k sz\u0171r\u0151 vizsg\u00e1lata<\/strong><\/p>\n\n\n\n<div style=\"height:34px\" aria-hidden=\"true\" class=\"wp-block-spacer\"><\/div>\n\n\n\n<p><strong><a href=\"\/?page_id=100\">T\u00e1j\u00e9koztat\u00f3 anyagok<\/a>    <\/strong><\/p>\n\n\n\n<p><strong><a href=\"\/?page_id=2\">Cikkek, publik\u00e1ci\u00f3k<\/a> <\/strong><\/p>\n\n\n\n<p><strong><strong><a href=\"\/?page_id=10\">El\u00e9rhet\u0151s\u00e9gek<\/a><\/strong><\/strong> <\/p>\n","protected":false},"excerpt":{"rendered":"<p>+36-30-9605577 Id\u0151pont foglal\u00e1s a rendel\u0151ben \u00e9s a klinik\u00e1n Megnyit\u00e1s\u00e1t\u00f3l kezdve 1998-t\u00f3l a Telki K\u00f3rh\u00e1z seb\u00e9sz \u00e9s gasztroenterol\u00f3gus f\u0151orvosa voltam. Emellett dolgoztam a Weiss Manfr\u00e9d K\u00f3rh\u00e1z seb\u00e9szet\u00e9n, majd az Orsz\u00e1gos Baleseti Int\u00e9zet Seb\u00e9szet\u00e9n, valamint az \u00d3budai Szakorvosi Rendel\u0151 Gasztroenterol\u00f3giai r\u00e9szleg\u00e9n.&nbsp; 2011 \u00f3ta a Professional Orvosi Centrumban, valamint a Dr. Rose Mag\u00e1nk\u00f3rh\u00e1zban dolgozom gasztroenterol\u00f3gusk\u00e9nt, f\u0151 profilom az [&hellip;]<\/p>\n","protected":false},"author":1,"featured_media":0,"parent":0,"menu_order":0,"comment_status":"closed","ping_status":"closed","template":"","meta":{"_sitemap_exclude":false,"_sitemap_priority":"","_sitemap_frequency":"","footnotes":""},"class_list":["post-8","page","type-page","status-publish","hentry"],"_links":{"self":[{"href":"https:\/\/drharastaedit.hu\/index.php?rest_route=\/wp\/v2\/pages\/8","targetHints":{"allow":["GET"]}}],"collection":[{"href":"https:\/\/drharastaedit.hu\/index.php?rest_route=\/wp\/v2\/pages"}],"about":[{"href":"https:\/\/drharastaedit.hu\/index.php?rest_route=\/wp\/v2\/types\/page"}],"author":[{"embeddable":true,"href":"https:\/\/drharastaedit.hu\/index.php?rest_route=\/wp\/v2\/users\/1"}],"replies":[{"embeddable":true,"href":"https:\/\/drharastaedit.hu\/index.php?rest_route=%2Fwp%2Fv2%2Fcomments&post=8"}],"version-history":[{"count":82,"href":"https:\/\/drharastaedit.hu\/index.php?rest_route=\/wp\/v2\/pages\/8\/revisions"}],"predecessor-version":[{"id":253,"href":"https:\/\/drharastaedit.hu\/index.php?rest_route=\/wp\/v2\/pages\/8\/revisions\/253"}],"wp:attachment":[{"href":"https:\/\/drharastaedit.hu\/index.php?rest_route=%2Fwp%2Fv2%2Fmedia&parent=8"}],"curies":[{"name":"wp","href":"https:\/\/api.w.org\/{rel}","templated":true}]}}